{"id":22399,"date":"2025-02-18T20:55:58","date_gmt":"2025-02-19T01:55:58","guid":{"rendered":"https:\/\/aamenageplus.com\/blogue\/"},"modified":"2025-02-24T18:20:39","modified_gmt":"2025-02-24T23:20:39","slug":"blog","status":"publish","type":"page","link":"https:\/\/aamenageplus.com\/en\/blog\/","title":{"rendered":"Blog"},"content":{"rendered":"<div class=\"wpb-content-wrapper\"><p>[vc_row][vc_column]<div class=\"dt-sc-posts-list-wrapper  \" data-delay=\"0\"><div class='tpl-blog-holder apply-equal-height'><div class='grid-sizer column dt-sc-one-third dt-sc-post-entry entry-grid-layout dt-sc-title-overlap-style  dt-sc-default-hover dt-sc-default-overlay alignnone'><\/div><div class=\"column dt-sc-one-third dt-sc-post-entry entry-grid-layout dt-sc-title-overlap-style  dt-sc-default-hover dt-sc-default-overlay alignnone first\"><article id=\"post-24172\" class=\"blog-entry format-standard post-24172 post type-post status-publish has-post-thumbnail hentry category-uncategorized\">\t\t\t<!-- Featured Image -->\n\t\t\t<div class=\"entry-thumb\">\n\t\t\t\t\t\t<a href=\"https:\/\/aamenageplus.com\/en\/medical-office-cleaning-why-its-crucial-for-patient-safety-and-compliance\/\" title=\"Permalink to Medical office cleaning: Why it\u2019s crucial for patient safety and compliance\">\n\t\t\t<img loading=\"lazy\" decoding=\"async\" width=\"1600\" height=\"1067\" src=\"https:\/\/aamenageplus.com\/wp-content\/uploads\/2025\/06\/Nettoyage-de-bureaux-medicaux.jpg\" class=\"attachment-full size-full wp-post-image\" alt=\"Nettoyage de bureaux m\u00e9dicaux\" srcset=\"https:\/\/aamenageplus.com\/wp-content\/uploads\/2025\/06\/Nettoyage-de-bureaux-medicaux.jpg 1600w, https:\/\/aamenageplus.com\/wp-content\/uploads\/2025\/06\/Nettoyage-de-bureaux-medicaux-300x200.jpg 300w, https:\/\/aamenageplus.com\/wp-content\/uploads\/2025\/06\/Nettoyage-de-bureaux-medicaux-1024x683.jpg 1024w, https:\/\/aamenageplus.com\/wp-content\/uploads\/2025\/06\/Nettoyage-de-bureaux-medicaux-768x512.jpg 768w, https:\/\/aamenageplus.com\/wp-content\/uploads\/2025\/06\/Nettoyage-de-bureaux-medicaux-1536x1024.jpg 1536w, https:\/\/aamenageplus.com\/wp-content\/uploads\/2025\/06\/Nettoyage-de-bureaux-medicaux-750x500.jpg 750w, https:\/\/aamenageplus.com\/wp-content\/uploads\/2025\/06\/Nettoyage-de-bureaux-medicaux-570x380.jpg 570w, https:\/\/aamenageplus.com\/wp-content\/uploads\/2025\/06\/Nettoyage-de-bureaux-medicaux-600x400.jpg 600w, https:\/\/aamenageplus.com\/wp-content\/uploads\/2025\/06\/Nettoyage-de-bureaux-medicaux-540x360.jpg 540w, https:\/\/aamenageplus.com\/wp-content\/uploads\/2025\/06\/Nettoyage-de-bureaux-medicaux-1000x667.jpg 1000w\" sizes=\"auto, (max-width: 1600px) 100vw, 1600px\" \/>\t\t<\/a>\n                \t\t\t<\/div><!-- Featured Image -->\n        <!-- Entry Title -->\n        <div class=\"entry-title\">\n        \t\n\t<h4>\n\t        \t<a href=\"https:\/\/aamenageplus.com\/en\/medical-office-cleaning-why-its-crucial-for-patient-safety-and-compliance\/\" title=\"Permalink to Medical office cleaning: Why it\u2019s crucial for patient safety and compliance\">Medical office cleaning: Why it\u2019s crucial for patient safety and compliance<\/a>\n\t<\/h4>        <\/div><!-- Entry Title --><\/article><\/div><div class=\"column dt-sc-one-third dt-sc-post-entry entry-grid-layout dt-sc-title-overlap-style  dt-sc-default-hover dt-sc-default-overlay alignnone\"><article id=\"post-24164\" class=\"blog-entry format-standard post-24164 post type-post status-publish has-post-thumbnail hentry category-uncategorized\">\t\t\t<!-- Featured Image -->\n\t\t\t<div class=\"entry-thumb\">\n\t\t\t\t\t\t<a href=\"https:\/\/aamenageplus.com\/en\/why-is-a-clean-workplace-important-5-key-benefits-you-need-to-know\/\" title=\"Permalink to Why is a Clean Workplace Important? 5 Key Benefits You Need to Know\">\n\t\t\t<img loading=\"lazy\" decoding=\"async\" width=\"1600\" height=\"1066\" src=\"https:\/\/aamenageplus.com\/wp-content\/uploads\/2025\/06\/Pourquoi-un-lieu-de-travail-propre-est-il-important.jpg\" class=\"attachment-full size-full wp-post-image\" alt=\"Pourquoi un lieu de travail propre est-il important\" srcset=\"https:\/\/aamenageplus.com\/wp-content\/uploads\/2025\/06\/Pourquoi-un-lieu-de-travail-propre-est-il-important.jpg 1600w, https:\/\/aamenageplus.com\/wp-content\/uploads\/2025\/06\/Pourquoi-un-lieu-de-travail-propre-est-il-important-300x200.jpg 300w, https:\/\/aamenageplus.com\/wp-content\/uploads\/2025\/06\/Pourquoi-un-lieu-de-travail-propre-est-il-important-1024x682.jpg 1024w, https:\/\/aamenageplus.com\/wp-content\/uploads\/2025\/06\/Pourquoi-un-lieu-de-travail-propre-est-il-important-768x512.jpg 768w, https:\/\/aamenageplus.com\/wp-content\/uploads\/2025\/06\/Pourquoi-un-lieu-de-travail-propre-est-il-important-1536x1023.jpg 1536w, https:\/\/aamenageplus.com\/wp-content\/uploads\/2025\/06\/Pourquoi-un-lieu-de-travail-propre-est-il-important-750x500.jpg 750w, https:\/\/aamenageplus.com\/wp-content\/uploads\/2025\/06\/Pourquoi-un-lieu-de-travail-propre-est-il-important-570x380.jpg 570w, https:\/\/aamenageplus.com\/wp-content\/uploads\/2025\/06\/Pourquoi-un-lieu-de-travail-propre-est-il-important-600x400.jpg 600w, https:\/\/aamenageplus.com\/wp-content\/uploads\/2025\/06\/Pourquoi-un-lieu-de-travail-propre-est-il-important-540x360.jpg 540w, https:\/\/aamenageplus.com\/wp-content\/uploads\/2025\/06\/Pourquoi-un-lieu-de-travail-propre-est-il-important-1000x666.jpg 1000w\" sizes=\"auto, (max-width: 1600px) 100vw, 1600px\" \/>\t\t<\/a>\n                \t\t\t<\/div><!-- Featured Image -->\n        <!-- Entry Title -->\n        <div class=\"entry-title\">\n        \t\n\t<h4>\n\t        \t<a href=\"https:\/\/aamenageplus.com\/en\/why-is-a-clean-workplace-important-5-key-benefits-you-need-to-know\/\" title=\"Permalink to Why is a Clean Workplace Important? 5 Key Benefits You Need to Know\">Why is a Clean Workplace Important? 5 Key Benefits You Need to Know<\/a>\n\t<\/h4>        <\/div><!-- Entry Title --><\/article><\/div><div class=\"column dt-sc-one-third dt-sc-post-entry entry-grid-layout dt-sc-title-overlap-style  dt-sc-default-hover dt-sc-default-overlay alignnone\"><article id=\"post-24157\" class=\"blog-entry format-standard post-24157 post type-post status-publish has-post-thumbnail hentry category-uncategorized\">\t\t\t<!-- Featured Image -->\n\t\t\t<div class=\"entry-thumb\">\n\t\t\t\t\t\t<a href=\"https:\/\/aamenageplus.com\/en\/how-to-clean-an-office-building-5-expert-tips\/\" title=\"Permalink to How to Clean an Office Building: 5 Expert Tips\">\n\t\t\t<img loading=\"lazy\" decoding=\"async\" width=\"1600\" height=\"1067\" src=\"https:\/\/aamenageplus.com\/wp-content\/uploads\/2025\/06\/Comment-nettoyer-un-immeuble-de-bureaux.jpg\" class=\"attachment-full size-full wp-post-image\" alt=\"Comment nettoyer un immeuble de bureaux\" srcset=\"https:\/\/aamenageplus.com\/wp-content\/uploads\/2025\/06\/Comment-nettoyer-un-immeuble-de-bureaux.jpg 1600w, https:\/\/aamenageplus.com\/wp-content\/uploads\/2025\/06\/Comment-nettoyer-un-immeuble-de-bureaux-300x200.jpg 300w, https:\/\/aamenageplus.com\/wp-content\/uploads\/2025\/06\/Comment-nettoyer-un-immeuble-de-bureaux-1024x683.jpg 1024w, https:\/\/aamenageplus.com\/wp-content\/uploads\/2025\/06\/Comment-nettoyer-un-immeuble-de-bureaux-768x512.jpg 768w, https:\/\/aamenageplus.com\/wp-content\/uploads\/2025\/06\/Comment-nettoyer-un-immeuble-de-bureaux-1536x1024.jpg 1536w, https:\/\/aamenageplus.com\/wp-content\/uploads\/2025\/06\/Comment-nettoyer-un-immeuble-de-bureaux-750x500.jpg 750w, https:\/\/aamenageplus.com\/wp-content\/uploads\/2025\/06\/Comment-nettoyer-un-immeuble-de-bureaux-570x380.jpg 570w, https:\/\/aamenageplus.com\/wp-content\/uploads\/2025\/06\/Comment-nettoyer-un-immeuble-de-bureaux-600x400.jpg 600w, https:\/\/aamenageplus.com\/wp-content\/uploads\/2025\/06\/Comment-nettoyer-un-immeuble-de-bureaux-540x360.jpg 540w, https:\/\/aamenageplus.com\/wp-content\/uploads\/2025\/06\/Comment-nettoyer-un-immeuble-de-bureaux-1000x667.jpg 1000w\" sizes=\"auto, (max-width: 1600px) 100vw, 1600px\" \/>\t\t<\/a>\n                \t\t\t<\/div><!-- Featured Image -->\n        <!-- Entry Title -->\n        <div class=\"entry-title\">\n        \t\n\t<h4>\n\t        \t<a href=\"https:\/\/aamenageplus.com\/en\/how-to-clean-an-office-building-5-expert-tips\/\" title=\"Permalink to How to Clean an Office Building: 5 Expert Tips\">How to Clean an Office Building: 5 Expert Tips<\/a>\n\t<\/h4>        <\/div><!-- Entry Title --><\/article><\/div><div class=\"column dt-sc-one-third dt-sc-post-entry entry-grid-layout dt-sc-title-overlap-style  dt-sc-default-hover dt-sc-default-overlay alignnone first\"><article id=\"post-24151\" class=\"blog-entry format-standard post-24151 post type-post status-publish has-post-thumbnail hentry category-uncategorized\">\t\t\t<!-- Featured Image -->\n\t\t\t<div class=\"entry-thumb\">\n\t\t\t\t\t\t<a href=\"https:\/\/aamenageplus.com\/en\/how-much-do-cleaning-companies-charge-to-clean-offices\/\" title=\"Permalink to How much do cleaning companies charge to clean offices ?\">\n\t\t\t<img loading=\"lazy\" decoding=\"async\" width=\"512\" height=\"341\" src=\"https:\/\/aamenageplus.com\/wp-content\/uploads\/2025\/06\/Combien-facturent-les-entreprises-de-nettoyage-pour-nettoyer-des-bureaux-1.jpg\" class=\"attachment-full size-full wp-post-image\" alt=\"\" srcset=\"https:\/\/aamenageplus.com\/wp-content\/uploads\/2025\/06\/Combien-facturent-les-entreprises-de-nettoyage-pour-nettoyer-des-bureaux-1.jpg 512w, https:\/\/aamenageplus.com\/wp-content\/uploads\/2025\/06\/Combien-facturent-les-entreprises-de-nettoyage-pour-nettoyer-des-bureaux-1-300x200.jpg 300w\" sizes=\"auto, (max-width: 512px) 100vw, 512px\" \/>\t\t<\/a>\n                \t\t\t<\/div><!-- Featured Image -->\n        <!-- Entry Title -->\n        <div class=\"entry-title\">\n        \t\n\t<h4>\n\t        \t<a href=\"https:\/\/aamenageplus.com\/en\/how-much-do-cleaning-companies-charge-to-clean-offices\/\" title=\"Permalink to How much do cleaning companies charge to clean offices ?\">How much do cleaning companies charge to clean offices ?<\/a>\n\t<\/h4>        <\/div><!-- Entry Title --><\/article><\/div><div class=\"column dt-sc-one-third dt-sc-post-entry entry-grid-layout dt-sc-title-overlap-style  dt-sc-default-hover dt-sc-default-overlay alignnone\"><article id=\"post-23289\" class=\"blog-entry format-standard post-23289 post type-post status-publish has-post-thumbnail hentry category-nettoyage-commercial-en\">\t\t\t<!-- Featured Image -->\n\t\t\t<div class=\"entry-thumb\">\n\t\t\t\t\t\t<a href=\"https:\/\/aamenageplus.com\/en\/the-ultimate-office-cleaning-checklist-for-a-healthy-work-environment\/\" title=\"Permalink to The Ultimate Office Cleaning Checklist for a Healthy Work Environment\">\n\t\t\t<img loading=\"lazy\" decoding=\"async\" width=\"512\" height=\"341\" src=\"https:\/\/aamenageplus.com\/wp-content\/uploads\/2025\/04\/Liste-de-nettoyage-de-bureau.jpg\" class=\"attachment-full size-full wp-post-image\" alt=\"Liste de nettoyage de bureau\" srcset=\"https:\/\/aamenageplus.com\/wp-content\/uploads\/2025\/04\/Liste-de-nettoyage-de-bureau.jpg 512w, https:\/\/aamenageplus.com\/wp-content\/uploads\/2025\/04\/Liste-de-nettoyage-de-bureau-300x200.jpg 300w\" sizes=\"auto, (max-width: 512px) 100vw, 512px\" \/>\t\t<\/a>\n                \t\t\t<\/div><!-- Featured Image -->\n        <!-- Entry Title -->\n        <div class=\"entry-title\">\n        \t\n\t<h4>\n\t        \t<a href=\"https:\/\/aamenageplus.com\/en\/the-ultimate-office-cleaning-checklist-for-a-healthy-work-environment\/\" title=\"Permalink to The Ultimate Office Cleaning Checklist for a Healthy Work Environment\">The Ultimate Office Cleaning Checklist for a Healthy Work Environment<\/a>\n\t<\/h4>        <\/div><!-- Entry Title --><\/article><\/div><div class=\"column dt-sc-one-third dt-sc-post-entry entry-grid-layout dt-sc-title-overlap-style  dt-sc-default-hover dt-sc-default-overlay alignnone\"><article id=\"post-23281\" class=\"blog-entry format-standard post-23281 post type-post status-publish has-post-thumbnail hentry category-nettoyage-commercial-en\">\t\t\t<!-- Featured Image -->\n\t\t\t<div class=\"entry-thumb\">\n\t\t\t\t\t\t<a href=\"https:\/\/aamenageplus.com\/en\/cleaning-vs-disinfecting-vs-sanitizing-key-differences-for-better-hygiene\/\" title=\"Permalink to Cleaning vs Disinfecting vs Sanitizing: Key Differences for Better Hygiene\">\n\t\t\t<img loading=\"lazy\" decoding=\"async\" width=\"512\" height=\"342\" src=\"https:\/\/aamenageplus.com\/wp-content\/uploads\/2025\/04\/Difference-entre-nettoyer-et-desinfecter.jpg\" class=\"attachment-full size-full wp-post-image\" alt=\"\" srcset=\"https:\/\/aamenageplus.com\/wp-content\/uploads\/2025\/04\/Difference-entre-nettoyer-et-desinfecter.jpg 512w, https:\/\/aamenageplus.com\/wp-content\/uploads\/2025\/04\/Difference-entre-nettoyer-et-desinfecter-300x200.jpg 300w\" sizes=\"auto, (max-width: 512px) 100vw, 512px\" \/>\t\t<\/a>\n                \t\t\t<\/div><!-- Featured Image -->\n        <!-- Entry Title -->\n        <div class=\"entry-title\">\n        \t\n\t<h4>\n\t        \t<a href=\"https:\/\/aamenageplus.com\/en\/cleaning-vs-disinfecting-vs-sanitizing-key-differences-for-better-hygiene\/\" title=\"Permalink to Cleaning vs Disinfecting vs Sanitizing: Key Differences for Better Hygiene\">Cleaning vs Disinfecting vs Sanitizing: Key Differences for Better Hygiene<\/a>\n\t<\/h4>        <\/div><!-- Entry Title --><\/article><\/div><div class=\"column dt-sc-one-third dt-sc-post-entry entry-grid-layout dt-sc-title-overlap-style  dt-sc-default-hover dt-sc-default-overlay alignnone first\"><article id=\"post-22804\" class=\"blog-entry format-standard post-22804 post type-post status-publish has-post-thumbnail hentry category-uncategorized\">\t\t\t<!-- Featured Image -->\n\t\t\t<div class=\"entry-thumb\">\n\t\t\t\t\t\t<a href=\"https:\/\/aamenageplus.com\/en\/how-to-choose-the-right-commercial-cleaning-company-in-quebec\/\" title=\"Permalink to How to Choose the Right Commercial Cleaning Company in Quebec\">\n\t\t\t<img loading=\"lazy\" decoding=\"async\" width=\"512\" height=\"341\" src=\"https:\/\/aamenageplus.com\/wp-content\/uploads\/2025\/03\/Comment-choisir-une-entreprise-de-nettoyage-commercial.jpg\" class=\"attachment-full size-full wp-post-image\" alt=\"Comment choisir une entreprise de nettoyage commercial\" srcset=\"https:\/\/aamenageplus.com\/wp-content\/uploads\/2025\/03\/Comment-choisir-une-entreprise-de-nettoyage-commercial.jpg 512w, https:\/\/aamenageplus.com\/wp-content\/uploads\/2025\/03\/Comment-choisir-une-entreprise-de-nettoyage-commercial-300x200.jpg 300w\" sizes=\"auto, (max-width: 512px) 100vw, 512px\" \/>\t\t<\/a>\n                \t\t\t<\/div><!-- Featured Image -->\n        <!-- Entry Title -->\n        <div class=\"entry-title\">\n        \t\n\t<h4>\n\t        \t<a href=\"https:\/\/aamenageplus.com\/en\/how-to-choose-the-right-commercial-cleaning-company-in-quebec\/\" title=\"Permalink to How to Choose the Right Commercial Cleaning Company in Quebec\">How to Choose the Right Commercial Cleaning Company in Quebec<\/a>\n\t<\/h4>        <\/div><!-- Entry Title --><\/article><\/div><div class=\"column dt-sc-one-third dt-sc-post-entry entry-grid-layout dt-sc-title-overlap-style  dt-sc-default-hover dt-sc-default-overlay alignnone\"><article id=\"post-22797\" class=\"blog-entry format-standard post-22797 post type-post status-publish has-post-thumbnail hentry category-uncategorized\">\t\t\t<!-- Featured Image -->\n\t\t\t<div class=\"entry-thumb\">\n\t\t\t\t\t\t<a href=\"https:\/\/aamenageplus.com\/en\/how-often-should-an-office-be-cleaned-your-guide-to-workplace-hygiene\/\" title=\"Permalink to How Often Should an Office Be Cleaned? Your Guide to Workplace Hygiene\">\n\t\t\t<img loading=\"lazy\" decoding=\"async\" width=\"512\" height=\"341\" src=\"https:\/\/aamenageplus.com\/wp-content\/uploads\/2025\/03\/A-quelle-frequence-un-bureau-doit-il-etre-nettoye-nettoyage-bureau.jpg\" class=\"attachment-full size-full wp-post-image\" alt=\"A quelle fr\u00e9quence un bureau doit-il \u00eatre nettoy\u00e9, nettoyage bureau\" srcset=\"https:\/\/aamenageplus.com\/wp-content\/uploads\/2025\/03\/A-quelle-frequence-un-bureau-doit-il-etre-nettoye-nettoyage-bureau.jpg 512w, https:\/\/aamenageplus.com\/wp-content\/uploads\/2025\/03\/A-quelle-frequence-un-bureau-doit-il-etre-nettoye-nettoyage-bureau-300x200.jpg 300w\" sizes=\"auto, (max-width: 512px) 100vw, 512px\" \/>\t\t<\/a>\n                \t\t\t<\/div><!-- Featured Image -->\n        <!-- Entry Title -->\n        <div class=\"entry-title\">\n        \t\n\t<h4>\n\t        \t<a href=\"https:\/\/aamenageplus.com\/en\/how-often-should-an-office-be-cleaned-your-guide-to-workplace-hygiene\/\" title=\"Permalink to How Often Should an Office Be Cleaned? Your Guide to Workplace Hygiene\">How Often Should an Office Be Cleaned? Your Guide to Workplace Hygiene<\/a>\n\t<\/h4>        <\/div><!-- Entry Title --><\/article><\/div><div class=\"column dt-sc-one-third dt-sc-post-entry entry-grid-layout dt-sc-title-overlap-style  dt-sc-default-hover dt-sc-default-overlay alignnone\"><article id=\"post-22438\" class=\"blog-entry format-standard post-22438 post type-post status-publish format-gallery has-post-thumbnail hentry category-uncategorized post_format-post-format-gallery\">\t\t\t<!-- Featured Image -->\n\t\t\t<div class=\"entry-thumb\">\n\t\t\t\t\t\t<a href=\"https:\/\/aamenageplus.com\/en\/how-much-does-commercial-cleaning-cost-price-breakdown\/\" title=\"Permalink to How Much Does Commercial Cleaning Cost? Price Breakdown\">\n\t\t\t<img loading=\"lazy\" decoding=\"async\" width=\"512\" height=\"341\" src=\"https:\/\/aamenageplus.com\/wp-content\/uploads\/2025\/02\/Cout-du-nettoyage-commercial-cout-du-nettoyage-de-bureau-commercial-cout-du-nettoyage-commercial-par-heure.jpg\" class=\"attachment-full size-full wp-post-image\" alt=\"Co\u00fbt du nettoyage commercial, co\u00fbt du nettoyage de bureau commercial, co\u00fbt du nettoyage commercial par heure\" srcset=\"https:\/\/aamenageplus.com\/wp-content\/uploads\/2025\/02\/Cout-du-nettoyage-commercial-cout-du-nettoyage-de-bureau-commercial-cout-du-nettoyage-commercial-par-heure.jpg 512w, https:\/\/aamenageplus.com\/wp-content\/uploads\/2025\/02\/Cout-du-nettoyage-commercial-cout-du-nettoyage-de-bureau-commercial-cout-du-nettoyage-commercial-par-heure-300x200.jpg 300w\" sizes=\"auto, (max-width: 512px) 100vw, 512px\" \/>\t\t<\/a>\n                \t\t\t<\/div><!-- Featured Image -->\n        <!-- Entry Title -->\n        <div class=\"entry-title\">\n        \t\n\t<h4>\n\t        \t<a href=\"https:\/\/aamenageplus.com\/en\/how-much-does-commercial-cleaning-cost-price-breakdown\/\" title=\"Permalink to How Much Does Commercial Cleaning Cost? Price Breakdown\">How Much Does Commercial Cleaning Cost? Price Breakdown<\/a>\n\t<\/h4>        <\/div><!-- Entry Title --><\/article><\/div><div class=\"column dt-sc-one-third dt-sc-post-entry entry-grid-layout dt-sc-title-overlap-style  dt-sc-default-hover dt-sc-default-overlay alignnone first\"><article id=\"post-22419\" class=\"blog-entry format-standard post-22419 post type-post status-publish has-post-thumbnail hentry category-uncategorized\">\t\t\t<!-- Featured Image -->\n\t\t\t<div class=\"entry-thumb\">\n\t\t\t\t\t\t<a href=\"https:\/\/aamenageplus.com\/en\/commercial-cleaning-what-it-is-why-your-business-needs-it\/\" title=\"Permalink to Commercial Cleaning: What It Is &#038; Why Your Business Needs It\">\n\t\t\t<img loading=\"lazy\" decoding=\"async\" width=\"512\" height=\"342\" src=\"https:\/\/aamenageplus.com\/wp-content\/uploads\/2025\/02\/Quest-ce-que-le-nettoyage-commercial.jpg\" class=\"attachment-full size-full wp-post-image\" alt=\"Qu&#039;est-ce que le nettoyage commercial\" srcset=\"https:\/\/aamenageplus.com\/wp-content\/uploads\/2025\/02\/Quest-ce-que-le-nettoyage-commercial.jpg 512w, https:\/\/aamenageplus.com\/wp-content\/uploads\/2025\/02\/Quest-ce-que-le-nettoyage-commercial-300x200.jpg 300w\" sizes=\"auto, (max-width: 512px) 100vw, 512px\" \/>\t\t<\/a>\n                \t\t\t<\/div><!-- Featured Image -->\n        <!-- Entry Title -->\n        <div class=\"entry-title\">\n        \t\n\t<h4>\n\t        \t<a href=\"https:\/\/aamenageplus.com\/en\/commercial-cleaning-what-it-is-why-your-business-needs-it\/\" title=\"Permalink to Commercial Cleaning: What It Is &#038; Why Your Business Needs It\">Commercial Cleaning: What It Is &#038; Why Your Business Needs It<\/a>\n\t<\/h4>        <\/div><!-- Entry Title --><\/article><\/div><\/div><div class=\"pagination blog-pagination\"><\/div><\/div>[\/vc_column][\/vc_row]<\/p>\n<\/div>","protected":false},"excerpt":{"rendered":"<p>[vc_row][vc_column][\/vc_column][\/vc_row]<\/p>\n","protected":false},"author":3,"featured_media":0,"parent":0,"menu_order":0,"comment_status":"closed","ping_status":"closed","template":"","meta":{"footnotes":""},"class_list":["post-22399","page","type-page","status-publish","hentry"],"yoast_head":"<!-- This site is optimized with the Yoast SEO plugin v27.0 - https:\/\/yoast.com\/product\/yoast-seo-wordpress\/ -->\n<title>Blog - A.A. M\u00e9nage Plus<\/title>\n<meta name=\"robots\" content=\"index, follow, max-snippet:-1, max-image-preview:large, max-video-preview:-1\" \/>\n<link rel=\"canonical\" href=\"https:\/\/aamenageplus.com\/en\/blog\/\" \/>\n<meta property=\"og:locale\" content=\"en_US\" \/>\n<meta property=\"og:type\" content=\"article\" \/>\n<meta property=\"og:title\" content=\"Blog - A.A. M\u00e9nage Plus\" \/>\n<meta property=\"og:description\" content=\"[vc_row][vc_column][\/vc_column][\/vc_row]\" \/>\n<meta property=\"og:url\" content=\"https:\/\/aamenageplus.com\/en\/blog\/\" \/>\n<meta property=\"og:site_name\" content=\"A.A. M\u00e9nage Plus\" \/>\n<meta property=\"article:modified_time\" content=\"2025-02-24T23:20:39+00:00\" \/>\n<meta name=\"twitter:card\" content=\"summary_large_image\" \/>\n<meta name=\"twitter:label1\" content=\"Est. reading time\" \/>\n\t<meta name=\"twitter:data1\" content=\"1 minute\" \/>\n<script type=\"application\/ld+json\" class=\"yoast-schema-graph\">{\"@context\":\"https:\/\/schema.org\",\"@graph\":[{\"@type\":\"WebPage\",\"@id\":\"https:\/\/aamenageplus.com\/en\/blog\/\",\"url\":\"https:\/\/aamenageplus.com\/en\/blog\/\",\"name\":\"Blog - A.A. M\u00e9nage Plus\",\"isPartOf\":{\"@id\":\"https:\/\/aamenageplus.com\/#website\"},\"datePublished\":\"2025-02-19T01:55:58+00:00\",\"dateModified\":\"2025-02-24T23:20:39+00:00\",\"breadcrumb\":{\"@id\":\"https:\/\/aamenageplus.com\/en\/blog\/#breadcrumb\"},\"inLanguage\":\"en-US\",\"potentialAction\":[{\"@type\":\"ReadAction\",\"target\":[\"https:\/\/aamenageplus.com\/en\/blog\/\"]}]},{\"@type\":\"BreadcrumbList\",\"@id\":\"https:\/\/aamenageplus.com\/en\/blog\/#breadcrumb\",\"itemListElement\":[{\"@type\":\"ListItem\",\"position\":1,\"name\":\"Accueil\",\"item\":\"https:\/\/aamenageplus.com\/en\/\"},{\"@type\":\"ListItem\",\"position\":2,\"name\":\"Blog\"}]},{\"@type\":\"WebSite\",\"@id\":\"https:\/\/aamenageplus.com\/#website\",\"url\":\"https:\/\/aamenageplus.com\/\",\"name\":\"A.A. M\u00e9nage Plus\",\"description\":\"\",\"potentialAction\":[{\"@type\":\"SearchAction\",\"target\":{\"@type\":\"EntryPoint\",\"urlTemplate\":\"https:\/\/aamenageplus.com\/?s={search_term_string}\"},\"query-input\":{\"@type\":\"PropertyValueSpecification\",\"valueRequired\":true,\"valueName\":\"search_term_string\"}}],\"inLanguage\":\"en-US\"}]}<\/script>\n<!-- \/ Yoast SEO plugin. -->","yoast_head_json":{"title":"Blog - A.A. M\u00e9nage Plus","robots":{"index":"index","follow":"follow","max-snippet":"max-snippet:-1","max-image-preview":"max-image-preview:large","max-video-preview":"max-video-preview:-1"},"canonical":"https:\/\/aamenageplus.com\/en\/blog\/","og_locale":"en_US","og_type":"article","og_title":"Blog - A.A. M\u00e9nage Plus","og_description":"[vc_row][vc_column][\/vc_column][\/vc_row]","og_url":"https:\/\/aamenageplus.com\/en\/blog\/","og_site_name":"A.A. M\u00e9nage Plus","article_modified_time":"2025-02-24T23:20:39+00:00","twitter_card":"summary_large_image","twitter_misc":{"Est. reading time":"1 minute"},"schema":{"@context":"https:\/\/schema.org","@graph":[{"@type":"WebPage","@id":"https:\/\/aamenageplus.com\/en\/blog\/","url":"https:\/\/aamenageplus.com\/en\/blog\/","name":"Blog - A.A. M\u00e9nage Plus","isPartOf":{"@id":"https:\/\/aamenageplus.com\/#website"},"datePublished":"2025-02-19T01:55:58+00:00","dateModified":"2025-02-24T23:20:39+00:00","breadcrumb":{"@id":"https:\/\/aamenageplus.com\/en\/blog\/#breadcrumb"},"inLanguage":"en-US","potentialAction":[{"@type":"ReadAction","target":["https:\/\/aamenageplus.com\/en\/blog\/"]}]},{"@type":"BreadcrumbList","@id":"https:\/\/aamenageplus.com\/en\/blog\/#breadcrumb","itemListElement":[{"@type":"ListItem","position":1,"name":"Accueil","item":"https:\/\/aamenageplus.com\/en\/"},{"@type":"ListItem","position":2,"name":"Blog"}]},{"@type":"WebSite","@id":"https:\/\/aamenageplus.com\/#website","url":"https:\/\/aamenageplus.com\/","name":"A.A. M\u00e9nage Plus","description":"","potentialAction":[{"@type":"SearchAction","target":{"@type":"EntryPoint","urlTemplate":"https:\/\/aamenageplus.com\/?s={search_term_string}"},"query-input":{"@type":"PropertyValueSpecification","valueRequired":true,"valueName":"search_term_string"}}],"inLanguage":"en-US"}]}},"_links":{"self":[{"href":"https:\/\/aamenageplus.com\/en\/wp-json\/wp\/v2\/pages\/22399","targetHints":{"allow":["GET"]}}],"collection":[{"href":"https:\/\/aamenageplus.com\/en\/wp-json\/wp\/v2\/pages"}],"about":[{"href":"https:\/\/aamenageplus.com\/en\/wp-json\/wp\/v2\/types\/page"}],"author":[{"embeddable":true,"href":"https:\/\/aamenageplus.com\/en\/wp-json\/wp\/v2\/users\/3"}],"replies":[{"embeddable":true,"href":"https:\/\/aamenageplus.com\/en\/wp-json\/wp\/v2\/comments?post=22399"}],"version-history":[{"count":2,"href":"https:\/\/aamenageplus.com\/en\/wp-json\/wp\/v2\/pages\/22399\/revisions"}],"predecessor-version":[{"id":22632,"href":"https:\/\/aamenageplus.com\/en\/wp-json\/wp\/v2\/pages\/22399\/revisions\/22632"}],"wp:attachment":[{"href":"https:\/\/aamenageplus.com\/en\/wp-json\/wp\/v2\/media?parent=22399"}],"curies":[{"name":"wp","href":"https:\/\/api.w.org\/{rel}","templated":true}]}}