{"id":21486,"date":"2020-06-02T10:45:56","date_gmt":"2020-06-02T14:45:56","guid":{"rendered":"https:\/\/bio-masques.com\/?post_type=product&#038;p=21486"},"modified":"2021-11-25T15:04:52","modified_gmt":"2021-11-25T20:04:52","slug":"desinfectant-et-desodorisant-en-aerosol","status":"publish","type":"product","link":"https:\/\/aamenageplus.com\/en\/product\/desinfectant-et-desodorisant-en-aerosol\/","title":{"rendered":"D\u00e9sinfectant et d\u00e9sodorisant en a\u00e9rosol"},"content":{"rendered":"<div class=\"wpb-content-wrapper\"><p>[vc_row full_width=&#8221;stretch_row&#8221;][vc_column width=&#8221;1\/2&#8243;]Please provide product id to display corresponding data![\/vc_column][vc_column width=&#8221;1\/2&#8243;][vc_row_inner][vc_column_inner]Please provide product id to display corresponding data![\/vc_column_inner][\/vc_row_inner][\/vc_column][\/vc_row][vc_row][vc_column]<div id=\"1545817584375-f9ef05ab-bba7\" class=\"dt-sc-empty-space\"><\/div>[\/vc_column][\/vc_row][vc_row][vc_column]<div class='dt-sc-tabs-horizontal-container  ' data-effect='fade' data-delay='0'><ul class='dt-sc-tabs-horizontal'><li><a href=\"javascript:void(0);\">D\u00e9tails<\/a><\/li><li><a href=\"javascript:void(0);\">Utilisation<\/a><\/li><\/ul><div class='dt-sc-tabs-horizontal-content'>[vc_column_text css=&#8221;.vc_custom_1591109411692{margin-bottom: 0px !important;}&#8221;]<\/p>\n<ul class=\"items-list\">\n<li class=\"d-flex align-items-center main-after\">D\u00e9sinfectant \u00e0 base de ph\u00e9nol qui agit comme un d\u00e9odorant et un neutralisant chimique contre les mauvaises odeurs.<\/li>\n<li class=\"d-flex align-items-center main-after\">\u00c9limine la majorit\u00e9 des micro-organismes tels que le VIH-1, la polio de type 1 et 2, la grippe de type A2 \/ Hong Kong, l&#8217;herp\u00e8s Simplex de type 1 et 2, le bacille de Koch (responsable de la tuberculose), le staphylocoque et autres.<\/li>\n<li class=\"d-flex align-items-center main-after\">\u00c9limine les moisissures et les champignons des surfaces dures et non poreuses et d\u00e9sodorise l&#8217;air ambiant.<\/li>\n<li class=\"d-flex align-items-center main-after\">\u00c0 utiliser partout pour un environnement sain.<\/li>\n<\/ul>\n<p>[\/vc_column_text]<\/div><div class='dt-sc-tabs-horizontal-content'>[vc_column_text css=&#8221;.vc_custom_1564141990669{margin-bottom: 0px !important;}&#8221;]Please provide product id to display corresponding data![\/vc_column_text]<\/div><\/div><div id=\"1563177419857-c73bdca0-74fc\" class=\"dt-sc-empty-space\"><\/div>[\/vc_column][\/vc_row][vc_row disable_element=&#8221;yes&#8221;][vc_column]Please provide product id to display corresponding data![\/vc_column][\/vc_row]<\/p>\n<\/div>","protected":false},"excerpt":{"rendered":"<p>[vc_row full_width=&#8221;stretch_row&#8221;][vc_column width=&#8221;1\/2&#8243;][\/vc_column][vc_column width=&#8221;1\/2&#8243;][vc_row_inner][vc_column_inner][\/vc_column_inner][\/vc_row_inner][\/vc_column][\/vc_row][vc_row][vc_column][\/vc_column][\/vc_row][vc_row][vc_column][\/vc_column][\/vc_row][vc_row disable_element=&#8221;yes&#8221;][vc_column][\/vc_column][\/vc_row]<\/p>\n","protected":false},"featured_media":21487,"template":"","meta":[],"product_brand":[],"product_cat":[155],"product_tag":[],"class_list":{"0":"post-21486","1":"product","2":"type-product","3":"status-publish","4":"has-post-thumbnail","6":"product_cat-desinfection","7":"product_shipping_class-autocollants","10":"instock","11":"taxable","12":"shipping-taxable","13":"product-type-simple","14":"product-grid-view"},"yoast_head":"<!-- This site is optimized with the Yoast SEO plugin v27.0 - https:\/\/yoast.com\/product\/yoast-seo-wordpress\/ -->\n<title>D\u00e9sinfectant et d\u00e9sodorisant en a\u00e9rosol - A.A. M\u00e9nage Plus<\/title>\n<meta name=\"robots\" content=\"index, follow, max-snippet:-1, max-image-preview:large, max-video-preview:-1\" \/>\n<link rel=\"canonical\" href=\"https:\/\/aamenageplus.com\/produit\/desinfectant-et-desodorisant-en-aerosol\/\" \/>\n<meta property=\"og:locale\" content=\"en_US\" \/>\n<meta property=\"og:type\" content=\"article\" \/>\n<meta property=\"og:title\" content=\"D\u00e9sinfectant et d\u00e9sodorisant en a\u00e9rosol - A.A. M\u00e9nage Plus\" \/>\n<meta property=\"og:description\" content=\"[vc_row full_width=&#8221;stretch_row&#8221;][vc_column width=&#8221;1\/2&#8243;][\/vc_column][vc_column width=&#8221;1\/2&#8243;][vc_row_inner][vc_column_inner][\/vc_column_inner][\/vc_row_inner][\/vc_column][\/vc_row][vc_row][vc_column][\/vc_column][\/vc_row][vc_row][vc_column][\/vc_column][\/vc_row][vc_row disable_element=&#8221;yes&#8221;][vc_column][\/vc_column][\/vc_row]\" \/>\n<meta property=\"og:url\" content=\"https:\/\/aamenageplus.com\/produit\/desinfectant-et-desodorisant-en-aerosol\/\" \/>\n<meta property=\"og:site_name\" content=\"A.A. M\u00e9nage Plus\" \/>\n<meta property=\"article:modified_time\" content=\"2021-11-25T20:04:52+00:00\" \/>\n<meta property=\"og:image\" content=\"https:\/\/aamenageplus.com\/wp-content\/uploads\/2020\/06\/INO-AES460.jpg\" \/>\n\t<meta property=\"og:image:width\" content=\"250\" \/>\n\t<meta property=\"og:image:height\" content=\"375\" \/>\n\t<meta property=\"og:image:type\" content=\"image\/jpeg\" \/>\n<meta name=\"twitter:card\" content=\"summary_large_image\" \/>\n<meta name=\"twitter:label1\" content=\"Est. reading time\" \/>\n\t<meta name=\"twitter:data1\" content=\"2 minutes\" \/>\n<script type=\"application\/ld+json\" class=\"yoast-schema-graph\">{\"@context\":\"https:\/\/schema.org\",\"@graph\":[{\"@type\":\"WebPage\",\"@id\":\"https:\/\/aamenageplus.com\/produit\/desinfectant-et-desodorisant-en-aerosol\/\",\"url\":\"https:\/\/aamenageplus.com\/produit\/desinfectant-et-desodorisant-en-aerosol\/\",\"name\":\"D\u00e9sinfectant et d\u00e9sodorisant en a\u00e9rosol - A.A. M\u00e9nage Plus\",\"isPartOf\":{\"@id\":\"https:\/\/aamenageplus.com\/#website\"},\"primaryImageOfPage\":{\"@id\":\"https:\/\/aamenageplus.com\/produit\/desinfectant-et-desodorisant-en-aerosol\/#primaryimage\"},\"image\":{\"@id\":\"https:\/\/aamenageplus.com\/produit\/desinfectant-et-desodorisant-en-aerosol\/#primaryimage\"},\"thumbnailUrl\":\"https:\/\/aamenageplus.com\/wp-content\/uploads\/2020\/06\/INO-AES460.jpg\",\"datePublished\":\"2020-06-02T14:45:56+00:00\",\"dateModified\":\"2021-11-25T20:04:52+00:00\",\"breadcrumb\":{\"@id\":\"https:\/\/aamenageplus.com\/produit\/desinfectant-et-desodorisant-en-aerosol\/#breadcrumb\"},\"inLanguage\":\"en-US\",\"potentialAction\":[{\"@type\":\"ReadAction\",\"target\":[\"https:\/\/aamenageplus.com\/produit\/desinfectant-et-desodorisant-en-aerosol\/\"]}]},{\"@type\":\"ImageObject\",\"inLanguage\":\"en-US\",\"@id\":\"https:\/\/aamenageplus.com\/produit\/desinfectant-et-desodorisant-en-aerosol\/#primaryimage\",\"url\":\"https:\/\/aamenageplus.com\/wp-content\/uploads\/2020\/06\/INO-AES460.jpg\",\"contentUrl\":\"https:\/\/aamenageplus.com\/wp-content\/uploads\/2020\/06\/INO-AES460.jpg\",\"width\":250,\"height\":375},{\"@type\":\"BreadcrumbList\",\"@id\":\"https:\/\/aamenageplus.com\/produit\/desinfectant-et-desodorisant-en-aerosol\/#breadcrumb\",\"itemListElement\":[{\"@type\":\"ListItem\",\"position\":1,\"name\":\"Accueil\",\"item\":\"https:\/\/aamenageplus.com\/en\/\"},{\"@type\":\"ListItem\",\"position\":2,\"name\":\"Products\",\"item\":\"https:\/\/aamenageplus.com\/en\/shop\/\"},{\"@type\":\"ListItem\",\"position\":3,\"name\":\"D\u00e9sinfectant et d\u00e9sodorisant en a\u00e9rosol\"}]},{\"@type\":\"WebSite\",\"@id\":\"https:\/\/aamenageplus.com\/#website\",\"url\":\"https:\/\/aamenageplus.com\/\",\"name\":\"A.A. M\u00e9nage Plus\",\"description\":\"\",\"potentialAction\":[{\"@type\":\"SearchAction\",\"target\":{\"@type\":\"EntryPoint\",\"urlTemplate\":\"https:\/\/aamenageplus.com\/?s={search_term_string}\"},\"query-input\":{\"@type\":\"PropertyValueSpecification\",\"valueRequired\":true,\"valueName\":\"search_term_string\"}}],\"inLanguage\":\"en-US\"}]}<\/script>\n<!-- \/ Yoast SEO plugin. -->","yoast_head_json":{"title":"D\u00e9sinfectant et d\u00e9sodorisant en a\u00e9rosol - A.A. M\u00e9nage Plus","robots":{"index":"index","follow":"follow","max-snippet":"max-snippet:-1","max-image-preview":"max-image-preview:large","max-video-preview":"max-video-preview:-1"},"canonical":"https:\/\/aamenageplus.com\/produit\/desinfectant-et-desodorisant-en-aerosol\/","og_locale":"en_US","og_type":"article","og_title":"D\u00e9sinfectant et d\u00e9sodorisant en a\u00e9rosol - A.A. M\u00e9nage Plus","og_description":"[vc_row full_width=&#8221;stretch_row&#8221;][vc_column width=&#8221;1\/2&#8243;][\/vc_column][vc_column width=&#8221;1\/2&#8243;][vc_row_inner][vc_column_inner][\/vc_column_inner][\/vc_row_inner][\/vc_column][\/vc_row][vc_row][vc_column][\/vc_column][\/vc_row][vc_row][vc_column][\/vc_column][\/vc_row][vc_row disable_element=&#8221;yes&#8221;][vc_column][\/vc_column][\/vc_row]","og_url":"https:\/\/aamenageplus.com\/produit\/desinfectant-et-desodorisant-en-aerosol\/","og_site_name":"A.A. M\u00e9nage Plus","article_modified_time":"2021-11-25T20:04:52+00:00","og_image":[{"width":250,"height":375,"url":"https:\/\/aamenageplus.com\/wp-content\/uploads\/2020\/06\/INO-AES460.jpg","type":"image\/jpeg"}],"twitter_card":"summary_large_image","twitter_misc":{"Est. reading time":"2 minutes"},"schema":{"@context":"https:\/\/schema.org","@graph":[{"@type":"WebPage","@id":"https:\/\/aamenageplus.com\/produit\/desinfectant-et-desodorisant-en-aerosol\/","url":"https:\/\/aamenageplus.com\/produit\/desinfectant-et-desodorisant-en-aerosol\/","name":"D\u00e9sinfectant et d\u00e9sodorisant en a\u00e9rosol - A.A. M\u00e9nage Plus","isPartOf":{"@id":"https:\/\/aamenageplus.com\/#website"},"primaryImageOfPage":{"@id":"https:\/\/aamenageplus.com\/produit\/desinfectant-et-desodorisant-en-aerosol\/#primaryimage"},"image":{"@id":"https:\/\/aamenageplus.com\/produit\/desinfectant-et-desodorisant-en-aerosol\/#primaryimage"},"thumbnailUrl":"https:\/\/aamenageplus.com\/wp-content\/uploads\/2020\/06\/INO-AES460.jpg","datePublished":"2020-06-02T14:45:56+00:00","dateModified":"2021-11-25T20:04:52+00:00","breadcrumb":{"@id":"https:\/\/aamenageplus.com\/produit\/desinfectant-et-desodorisant-en-aerosol\/#breadcrumb"},"inLanguage":"en-US","potentialAction":[{"@type":"ReadAction","target":["https:\/\/aamenageplus.com\/produit\/desinfectant-et-desodorisant-en-aerosol\/"]}]},{"@type":"ImageObject","inLanguage":"en-US","@id":"https:\/\/aamenageplus.com\/produit\/desinfectant-et-desodorisant-en-aerosol\/#primaryimage","url":"https:\/\/aamenageplus.com\/wp-content\/uploads\/2020\/06\/INO-AES460.jpg","contentUrl":"https:\/\/aamenageplus.com\/wp-content\/uploads\/2020\/06\/INO-AES460.jpg","width":250,"height":375},{"@type":"BreadcrumbList","@id":"https:\/\/aamenageplus.com\/produit\/desinfectant-et-desodorisant-en-aerosol\/#breadcrumb","itemListElement":[{"@type":"ListItem","position":1,"name":"Accueil","item":"https:\/\/aamenageplus.com\/en\/"},{"@type":"ListItem","position":2,"name":"Products","item":"https:\/\/aamenageplus.com\/en\/shop\/"},{"@type":"ListItem","position":3,"name":"D\u00e9sinfectant et d\u00e9sodorisant en a\u00e9rosol"}]},{"@type":"WebSite","@id":"https:\/\/aamenageplus.com\/#website","url":"https:\/\/aamenageplus.com\/","name":"A.A. M\u00e9nage Plus","description":"","potentialAction":[{"@type":"SearchAction","target":{"@type":"EntryPoint","urlTemplate":"https:\/\/aamenageplus.com\/?s={search_term_string}"},"query-input":{"@type":"PropertyValueSpecification","valueRequired":true,"valueName":"search_term_string"}}],"inLanguage":"en-US"}]}},"_links":{"self":[{"href":"https:\/\/aamenageplus.com\/en\/wp-json\/wp\/v2\/product\/21486","targetHints":{"allow":["GET"]}}],"collection":[{"href":"https:\/\/aamenageplus.com\/en\/wp-json\/wp\/v2\/product"}],"about":[{"href":"https:\/\/aamenageplus.com\/en\/wp-json\/wp\/v2\/types\/product"}],"wp:featuredmedia":[{"embeddable":true,"href":"https:\/\/aamenageplus.com\/en\/wp-json\/wp\/v2\/media\/21487"}],"wp:attachment":[{"href":"https:\/\/aamenageplus.com\/en\/wp-json\/wp\/v2\/media?parent=21486"}],"wp:term":[{"taxonomy":"product_brand","embeddable":true,"href":"https:\/\/aamenageplus.com\/en\/wp-json\/wp\/v2\/product_brand?post=21486"},{"taxonomy":"product_cat","embeddable":true,"href":"https:\/\/aamenageplus.com\/en\/wp-json\/wp\/v2\/product_cat?post=21486"},{"taxonomy":"product_tag","embeddable":true,"href":"https:\/\/aamenageplus.com\/en\/wp-json\/wp\/v2\/product_tag?post=21486"}],"curies":[{"name":"wp","href":"https:\/\/api.w.org\/{rel}","templated":true}]}}