{"id":21869,"date":"2025-02-10T11:45:07","date_gmt":"2025-02-10T16:45:07","guid":{"rendered":"https:\/\/aamenageplus.com\/nouveau\/?post_type=product&#038;p=21869"},"modified":"2025-02-10T11:45:07","modified_gmt":"2025-02-10T16:45:07","slug":"fondant-a-glace-artic-vulcano-50-lbs","status":"publish","type":"product","link":"https:\/\/aamenageplus.com\/en\/product\/fondant-a-glace-artic-vulcano-50-lbs\/","title":{"rendered":"Fondant \u00e0 glace &#8211; Artic Vulcano &#8211; 50 lbs"},"content":{"rendered":"<p style=\"text-align: left;\">Ce fondant \u00e0 neige et \u00e0 glace est efficace jusqu&#8217;\u00e0 des temp\u00e9rature de -29\u00b0C.\u00a0 Il fait fondre rapidement la neige et la glace. Il permet une utilisation simple et rapide.<\/p>\n<p style=\"text-align: left;\">Artic Vulcano \u00e0 une couleur bleu vous permettant de voir d&#8217;un coup d&#8217;oeil l\u00e0 o\u00f9 il manque du fondant.<\/p>\n<p style=\"text-align: left;\">MISE EN GARDE : B\u00c9TON ET AUTRES SURFACES<br \/>\nArtic Volcano n\u2019est pas recommand\u00e9 pour d\u00e9glacer une surface en b\u00e9ton de moins d\u2019un an, des marches en b\u00e9ton pr\u00e9fabriqu\u00e9es, une surface de ma\u00e7onnerie (pierres, briques, joints de mortier) de b\u00e9ton existant avec des agr\u00e9gats apparents, de b\u00e9ton pr\u00e9fabriqu\u00e9e, pr\u00e9contrainte, \u00e9caill\u00e9e, fissur\u00e9e, effrit\u00e9e ou alt\u00e9r\u00e9e par les intemp\u00e9ries. Appliquer seulement sur le b\u00e9ton en bonne condition; l\u2019application du produit sur un b\u00e9ton d\u00e9j\u00e0 endommag\u00e9 peut acc\u00e9l\u00e9rer la d\u00e9t\u00e9rioration de la surface caus\u00e9e par le ph\u00e9nom\u00e8ne de gel\/d\u00e9gel. Artic Volcano n\u2019est pas recommand\u00e9 pour d\u00e9glacer les surfaces de bois ou de m\u00e9tal. \u00c9viter le contact avec des articles en cuir.<\/p>\n","protected":false},"excerpt":{"rendered":"<p>Ce fondant \u00e0 neige et \u00e0 glace est efficace jusqu&#8217;\u00e0 des temp\u00e9rature de -29\u00b0C.\u00a0 Il fait fondre rapidement la neige et la glace. Il permet une utilisation simple et rapide. Artic Vulcano \u00e0 une couleur bleu vous permettant de voir d&#8217;un coup d&#8217;oeil l\u00e0 o\u00f9 il manque du fondant. MISE EN GARDE : B\u00c9TON ET [&hellip;]<\/p>\n","protected":false},"featured_media":21764,"template":"","meta":[],"product_brand":[],"product_cat":[176],"product_tag":[],"class_list":{"0":"post-21869","1":"product","2":"type-product","3":"status-publish","4":"has-post-thumbnail","6":"product_cat-hiver-en","9":"instock","10":"taxable","11":"shipping-taxable","12":"product-type-simple","13":"product-grid-view"},"yoast_head":"<!-- This site is optimized with the Yoast SEO plugin v27.0 - https:\/\/yoast.com\/product\/yoast-seo-wordpress\/ -->\n<title>Fondant \u00e0 glace - Artic Vulcano - 50 lbs - A.A. M\u00e9nage Plus<\/title>\n<meta name=\"robots\" content=\"index, follow, max-snippet:-1, max-image-preview:large, max-video-preview:-1\" \/>\n<link rel=\"canonical\" href=\"https:\/\/aamenageplus.com\/en\/product\/fondant-a-glace-artic-vulcano-50-lbs\/\" \/>\n<meta property=\"og:locale\" content=\"en_US\" \/>\n<meta property=\"og:type\" content=\"article\" \/>\n<meta property=\"og:title\" content=\"Fondant \u00e0 glace - Artic Vulcano - 50 lbs - A.A. M\u00e9nage Plus\" \/>\n<meta property=\"og:description\" content=\"Ce fondant \u00e0 neige et \u00e0 glace est efficace jusqu&#8217;\u00e0 des temp\u00e9rature de -29\u00b0C.\u00a0 Il fait fondre rapidement la neige et la glace. Il permet une utilisation simple et rapide. Artic Vulcano \u00e0 une couleur bleu vous permettant de voir d&#8217;un coup d&#8217;oeil l\u00e0 o\u00f9 il manque du fondant. MISE EN GARDE : B\u00c9TON ET [&hellip;]\" \/>\n<meta property=\"og:url\" content=\"https:\/\/aamenageplus.com\/en\/product\/fondant-a-glace-artic-vulcano-50-lbs\/\" \/>\n<meta property=\"og:site_name\" content=\"A.A. M\u00e9nage Plus\" \/>\n<meta property=\"og:image\" content=\"https:\/\/aamenageplus.com\/wp-content\/uploads\/2021\/10\/INO-FG-VOLCAN-20.jpg\" \/>\n\t<meta property=\"og:image:width\" content=\"287\" \/>\n\t<meta property=\"og:image:height\" content=\"375\" \/>\n\t<meta property=\"og:image:type\" content=\"image\/jpeg\" \/>\n<meta name=\"twitter:card\" content=\"summary_large_image\" \/>\n<meta name=\"twitter:label1\" content=\"Est. reading time\" \/>\n\t<meta name=\"twitter:data1\" content=\"1 minute\" \/>\n<script type=\"application\/ld+json\" class=\"yoast-schema-graph\">{\"@context\":\"https:\/\/schema.org\",\"@graph\":[{\"@type\":\"WebPage\",\"@id\":\"https:\/\/aamenageplus.com\/en\/product\/fondant-a-glace-artic-vulcano-50-lbs\/\",\"url\":\"https:\/\/aamenageplus.com\/en\/product\/fondant-a-glace-artic-vulcano-50-lbs\/\",\"name\":\"Fondant \u00e0 glace - Artic Vulcano - 50 lbs - A.A. M\u00e9nage Plus\",\"isPartOf\":{\"@id\":\"https:\/\/aamenageplus.com\/#website\"},\"primaryImageOfPage\":{\"@id\":\"https:\/\/aamenageplus.com\/en\/product\/fondant-a-glace-artic-vulcano-50-lbs\/#primaryimage\"},\"image\":{\"@id\":\"https:\/\/aamenageplus.com\/en\/product\/fondant-a-glace-artic-vulcano-50-lbs\/#primaryimage\"},\"thumbnailUrl\":\"https:\/\/aamenageplus.com\/wp-content\/uploads\/2021\/10\/INO-FG-VOLCAN-20.jpg\",\"datePublished\":\"2025-02-10T16:45:07+00:00\",\"breadcrumb\":{\"@id\":\"https:\/\/aamenageplus.com\/en\/product\/fondant-a-glace-artic-vulcano-50-lbs\/#breadcrumb\"},\"inLanguage\":\"en-US\",\"potentialAction\":[{\"@type\":\"ReadAction\",\"target\":[\"https:\/\/aamenageplus.com\/en\/product\/fondant-a-glace-artic-vulcano-50-lbs\/\"]}]},{\"@type\":\"ImageObject\",\"inLanguage\":\"en-US\",\"@id\":\"https:\/\/aamenageplus.com\/en\/product\/fondant-a-glace-artic-vulcano-50-lbs\/#primaryimage\",\"url\":\"https:\/\/aamenageplus.com\/wp-content\/uploads\/2021\/10\/INO-FG-VOLCAN-20.jpg\",\"contentUrl\":\"https:\/\/aamenageplus.com\/wp-content\/uploads\/2021\/10\/INO-FG-VOLCAN-20.jpg\",\"width\":287,\"height\":375},{\"@type\":\"BreadcrumbList\",\"@id\":\"https:\/\/aamenageplus.com\/en\/product\/fondant-a-glace-artic-vulcano-50-lbs\/#breadcrumb\",\"itemListElement\":[{\"@type\":\"ListItem\",\"position\":1,\"name\":\"Accueil\",\"item\":\"https:\/\/aamenageplus.com\/en\/\"},{\"@type\":\"ListItem\",\"position\":2,\"name\":\"Products\",\"item\":\"https:\/\/aamenageplus.com\/en\/shop\/\"},{\"@type\":\"ListItem\",\"position\":3,\"name\":\"Fondant \u00e0 glace &#8211; Artic Vulcano &#8211; 50 lbs\"}]},{\"@type\":\"WebSite\",\"@id\":\"https:\/\/aamenageplus.com\/#website\",\"url\":\"https:\/\/aamenageplus.com\/\",\"name\":\"A.A. M\u00e9nage Plus\",\"description\":\"\",\"potentialAction\":[{\"@type\":\"SearchAction\",\"target\":{\"@type\":\"EntryPoint\",\"urlTemplate\":\"https:\/\/aamenageplus.com\/?s={search_term_string}\"},\"query-input\":{\"@type\":\"PropertyValueSpecification\",\"valueRequired\":true,\"valueName\":\"search_term_string\"}}],\"inLanguage\":\"en-US\"}]}<\/script>\n<!-- \/ Yoast SEO plugin. -->","yoast_head_json":{"title":"Fondant \u00e0 glace - Artic Vulcano - 50 lbs - A.A. M\u00e9nage Plus","robots":{"index":"index","follow":"follow","max-snippet":"max-snippet:-1","max-image-preview":"max-image-preview:large","max-video-preview":"max-video-preview:-1"},"canonical":"https:\/\/aamenageplus.com\/en\/product\/fondant-a-glace-artic-vulcano-50-lbs\/","og_locale":"en_US","og_type":"article","og_title":"Fondant \u00e0 glace - Artic Vulcano - 50 lbs - A.A. M\u00e9nage Plus","og_description":"Ce fondant \u00e0 neige et \u00e0 glace est efficace jusqu&#8217;\u00e0 des temp\u00e9rature de -29\u00b0C.\u00a0 Il fait fondre rapidement la neige et la glace. Il permet une utilisation simple et rapide. Artic Vulcano \u00e0 une couleur bleu vous permettant de voir d&#8217;un coup d&#8217;oeil l\u00e0 o\u00f9 il manque du fondant. MISE EN GARDE : B\u00c9TON ET [&hellip;]","og_url":"https:\/\/aamenageplus.com\/en\/product\/fondant-a-glace-artic-vulcano-50-lbs\/","og_site_name":"A.A. M\u00e9nage Plus","og_image":[{"width":287,"height":375,"url":"https:\/\/aamenageplus.com\/wp-content\/uploads\/2021\/10\/INO-FG-VOLCAN-20.jpg","type":"image\/jpeg"}],"twitter_card":"summary_large_image","twitter_misc":{"Est. reading time":"1 minute"},"schema":{"@context":"https:\/\/schema.org","@graph":[{"@type":"WebPage","@id":"https:\/\/aamenageplus.com\/en\/product\/fondant-a-glace-artic-vulcano-50-lbs\/","url":"https:\/\/aamenageplus.com\/en\/product\/fondant-a-glace-artic-vulcano-50-lbs\/","name":"Fondant \u00e0 glace - Artic Vulcano - 50 lbs - A.A. M\u00e9nage Plus","isPartOf":{"@id":"https:\/\/aamenageplus.com\/#website"},"primaryImageOfPage":{"@id":"https:\/\/aamenageplus.com\/en\/product\/fondant-a-glace-artic-vulcano-50-lbs\/#primaryimage"},"image":{"@id":"https:\/\/aamenageplus.com\/en\/product\/fondant-a-glace-artic-vulcano-50-lbs\/#primaryimage"},"thumbnailUrl":"https:\/\/aamenageplus.com\/wp-content\/uploads\/2021\/10\/INO-FG-VOLCAN-20.jpg","datePublished":"2025-02-10T16:45:07+00:00","breadcrumb":{"@id":"https:\/\/aamenageplus.com\/en\/product\/fondant-a-glace-artic-vulcano-50-lbs\/#breadcrumb"},"inLanguage":"en-US","potentialAction":[{"@type":"ReadAction","target":["https:\/\/aamenageplus.com\/en\/product\/fondant-a-glace-artic-vulcano-50-lbs\/"]}]},{"@type":"ImageObject","inLanguage":"en-US","@id":"https:\/\/aamenageplus.com\/en\/product\/fondant-a-glace-artic-vulcano-50-lbs\/#primaryimage","url":"https:\/\/aamenageplus.com\/wp-content\/uploads\/2021\/10\/INO-FG-VOLCAN-20.jpg","contentUrl":"https:\/\/aamenageplus.com\/wp-content\/uploads\/2021\/10\/INO-FG-VOLCAN-20.jpg","width":287,"height":375},{"@type":"BreadcrumbList","@id":"https:\/\/aamenageplus.com\/en\/product\/fondant-a-glace-artic-vulcano-50-lbs\/#breadcrumb","itemListElement":[{"@type":"ListItem","position":1,"name":"Accueil","item":"https:\/\/aamenageplus.com\/en\/"},{"@type":"ListItem","position":2,"name":"Products","item":"https:\/\/aamenageplus.com\/en\/shop\/"},{"@type":"ListItem","position":3,"name":"Fondant \u00e0 glace &#8211; Artic Vulcano &#8211; 50 lbs"}]},{"@type":"WebSite","@id":"https:\/\/aamenageplus.com\/#website","url":"https:\/\/aamenageplus.com\/","name":"A.A. M\u00e9nage Plus","description":"","potentialAction":[{"@type":"SearchAction","target":{"@type":"EntryPoint","urlTemplate":"https:\/\/aamenageplus.com\/?s={search_term_string}"},"query-input":{"@type":"PropertyValueSpecification","valueRequired":true,"valueName":"search_term_string"}}],"inLanguage":"en-US"}]}},"_links":{"self":[{"href":"https:\/\/aamenageplus.com\/en\/wp-json\/wp\/v2\/product\/21869","targetHints":{"allow":["GET"]}}],"collection":[{"href":"https:\/\/aamenageplus.com\/en\/wp-json\/wp\/v2\/product"}],"about":[{"href":"https:\/\/aamenageplus.com\/en\/wp-json\/wp\/v2\/types\/product"}],"wp:featuredmedia":[{"embeddable":true,"href":"https:\/\/aamenageplus.com\/en\/wp-json\/wp\/v2\/media\/21764"}],"wp:attachment":[{"href":"https:\/\/aamenageplus.com\/en\/wp-json\/wp\/v2\/media?parent=21869"}],"wp:term":[{"taxonomy":"product_brand","embeddable":true,"href":"https:\/\/aamenageplus.com\/en\/wp-json\/wp\/v2\/product_brand?post=21869"},{"taxonomy":"product_cat","embeddable":true,"href":"https:\/\/aamenageplus.com\/en\/wp-json\/wp\/v2\/product_cat?post=21869"},{"taxonomy":"product_tag","embeddable":true,"href":"https:\/\/aamenageplus.com\/en\/wp-json\/wp\/v2\/product_tag?post=21869"}],"curies":[{"name":"wp","href":"https:\/\/api.w.org\/{rel}","templated":true}]}}