{"id":21871,"date":"2021-11-25T13:51:28","date_gmt":"2021-11-25T18:51:28","guid":{"rendered":"https:\/\/aamenageplus.com\/?post_type=product&#038;p=21871"},"modified":"2022-01-12T14:40:43","modified_gmt":"2022-01-12T19:40:43","slug":"tamis-a-urinoir-paquet-de-2-tamis","status":"publish","type":"product","link":"https:\/\/aamenageplus.com\/en\/product\/tamis-a-urinoir-paquet-de-2-tamis\/","title":{"rendered":"Tamis \u00e0 urinoir  &#8211; Paquet de 2 tamis"},"content":{"rendered":"","protected":false},"excerpt":{"rendered":"<p>Tamis urinoirs disponible en plusieurs odeurs :<\/p>\n<p>Pomme \u00e9pic\u00e9 (rouge)<br \/>\nMenthe (verte)<br \/>\nMangue (orange)<\/p>\n<p>Onglet permettant d&#8217;indiquer l&#8217;intervalle de remplacement du tamis.<\/p>\n<p>Muni de pointes plus longues permettant de lib\u00e9rer plus de parfum tout en r\u00e9duisant les \u00e9claboussures.<\/p>\n<p>Lib\u00e8re des bact\u00e9ries optimis\u00e9es pour le nettoyage de l&#8217;urinoir et rafra\u00eechit pour une p\u00e9riode de 30 jours.<\/p>\n","protected":false},"featured_media":21874,"template":"","meta":[],"product_brand":[],"product_cat":[181],"product_tag":[],"class_list":{"0":"post-21871","1":"product","2":"type-product","3":"status-publish","4":"has-post-thumbnail","6":"product_cat-entretien-salle-de-bain","7":"product_shipping_class-masques-jetables","10":"instock","11":"taxable","12":"shipping-taxable","13":"product-type-variable","14":"product-grid-view"},"yoast_head":"<!-- This site is optimized with the Yoast SEO plugin v27.0 - https:\/\/yoast.com\/product\/yoast-seo-wordpress\/ -->\n<title>Tamis \u00e0 urinoir - Paquet de 2 tamis - A.A. M\u00e9nage Plus<\/title>\n<meta name=\"robots\" content=\"index, follow, max-snippet:-1, max-image-preview:large, max-video-preview:-1\" \/>\n<link rel=\"canonical\" href=\"https:\/\/aamenageplus.com\/produit\/tamis-a-urinoir-paquet-de-2-tamis\/\" \/>\n<meta property=\"og:locale\" content=\"en_US\" \/>\n<meta property=\"og:type\" content=\"article\" \/>\n<meta property=\"og:title\" content=\"Tamis \u00e0 urinoir - Paquet de 2 tamis - A.A. M\u00e9nage Plus\" \/>\n<meta property=\"og:description\" content=\"Tamis urinoirs disponible en plusieurs odeurs :  Pomme \u00e9pic\u00e9 (rouge) Menthe (verte) Mangue (orange)  Onglet permettant d&#039;indiquer l&#039;intervalle de remplacement du tamis.  Muni de pointes plus longues permettant de lib\u00e9rer plus de parfum tout en r\u00e9duisant les \u00e9claboussures.  Lib\u00e8re des bact\u00e9ries optimis\u00e9es pour le nettoyage de l&#039;urinoir et rafra\u00eechit pour une p\u00e9riode de 30 jours.\" \/>\n<meta property=\"og:url\" content=\"https:\/\/aamenageplus.com\/produit\/tamis-a-urinoir-paquet-de-2-tamis\/\" \/>\n<meta property=\"og:site_name\" content=\"A.A. M\u00e9nage Plus\" \/>\n<meta property=\"article:modified_time\" content=\"2022-01-12T19:40:43+00:00\" \/>\n<meta property=\"og:image\" content=\"https:\/\/aamenageplus.com\/wp-content\/uploads\/2021\/11\/INO-wa-20HG-2.jpg\" \/>\n\t<meta property=\"og:image:width\" content=\"394\" \/>\n\t<meta property=\"og:image:height\" content=\"385\" \/>\n\t<meta property=\"og:image:type\" content=\"image\/jpeg\" \/>\n<meta name=\"twitter:card\" content=\"summary_large_image\" \/>\n<script type=\"application\/ld+json\" class=\"yoast-schema-graph\">{\"@context\":\"https:\/\/schema.org\",\"@graph\":[{\"@type\":\"WebPage\",\"@id\":\"https:\/\/aamenageplus.com\/produit\/tamis-a-urinoir-paquet-de-2-tamis\/\",\"url\":\"https:\/\/aamenageplus.com\/produit\/tamis-a-urinoir-paquet-de-2-tamis\/\",\"name\":\"Tamis \u00e0 urinoir - Paquet de 2 tamis - A.A. M\u00e9nage Plus\",\"isPartOf\":{\"@id\":\"https:\/\/aamenageplus.com\/#website\"},\"primaryImageOfPage\":{\"@id\":\"https:\/\/aamenageplus.com\/produit\/tamis-a-urinoir-paquet-de-2-tamis\/#primaryimage\"},\"image\":{\"@id\":\"https:\/\/aamenageplus.com\/produit\/tamis-a-urinoir-paquet-de-2-tamis\/#primaryimage\"},\"thumbnailUrl\":\"https:\/\/aamenageplus.com\/wp-content\/uploads\/2021\/11\/INO-wa-20HG-2.jpg\",\"datePublished\":\"2021-11-25T18:51:28+00:00\",\"dateModified\":\"2022-01-12T19:40:43+00:00\",\"breadcrumb\":{\"@id\":\"https:\/\/aamenageplus.com\/produit\/tamis-a-urinoir-paquet-de-2-tamis\/#breadcrumb\"},\"inLanguage\":\"en-US\",\"potentialAction\":[{\"@type\":\"ReadAction\",\"target\":[\"https:\/\/aamenageplus.com\/produit\/tamis-a-urinoir-paquet-de-2-tamis\/\"]}]},{\"@type\":\"ImageObject\",\"inLanguage\":\"en-US\",\"@id\":\"https:\/\/aamenageplus.com\/produit\/tamis-a-urinoir-paquet-de-2-tamis\/#primaryimage\",\"url\":\"https:\/\/aamenageplus.com\/wp-content\/uploads\/2021\/11\/INO-wa-20HG-2.jpg\",\"contentUrl\":\"https:\/\/aamenageplus.com\/wp-content\/uploads\/2021\/11\/INO-wa-20HG-2.jpg\",\"width\":394,\"height\":385},{\"@type\":\"BreadcrumbList\",\"@id\":\"https:\/\/aamenageplus.com\/produit\/tamis-a-urinoir-paquet-de-2-tamis\/#breadcrumb\",\"itemListElement\":[{\"@type\":\"ListItem\",\"position\":1,\"name\":\"Accueil\",\"item\":\"https:\/\/aamenageplus.com\/en\/\"},{\"@type\":\"ListItem\",\"position\":2,\"name\":\"Products\",\"item\":\"https:\/\/aamenageplus.com\/en\/shop\/\"},{\"@type\":\"ListItem\",\"position\":3,\"name\":\"Tamis \u00e0 urinoir &#8211; Paquet de 2 tamis\"}]},{\"@type\":\"WebSite\",\"@id\":\"https:\/\/aamenageplus.com\/#website\",\"url\":\"https:\/\/aamenageplus.com\/\",\"name\":\"A.A. M\u00e9nage Plus\",\"description\":\"\",\"potentialAction\":[{\"@type\":\"SearchAction\",\"target\":{\"@type\":\"EntryPoint\",\"urlTemplate\":\"https:\/\/aamenageplus.com\/?s={search_term_string}\"},\"query-input\":{\"@type\":\"PropertyValueSpecification\",\"valueRequired\":true,\"valueName\":\"search_term_string\"}}],\"inLanguage\":\"en-US\"}]}<\/script>\n<!-- \/ Yoast SEO plugin. -->","yoast_head_json":{"title":"Tamis \u00e0 urinoir - Paquet de 2 tamis - A.A. M\u00e9nage Plus","robots":{"index":"index","follow":"follow","max-snippet":"max-snippet:-1","max-image-preview":"max-image-preview:large","max-video-preview":"max-video-preview:-1"},"canonical":"https:\/\/aamenageplus.com\/produit\/tamis-a-urinoir-paquet-de-2-tamis\/","og_locale":"en_US","og_type":"article","og_title":"Tamis \u00e0 urinoir - Paquet de 2 tamis - A.A. M\u00e9nage Plus","og_description":"Tamis urinoirs disponible en plusieurs odeurs :  Pomme \u00e9pic\u00e9 (rouge) Menthe (verte) Mangue (orange)  Onglet permettant d'indiquer l'intervalle de remplacement du tamis.  Muni de pointes plus longues permettant de lib\u00e9rer plus de parfum tout en r\u00e9duisant les \u00e9claboussures.  Lib\u00e8re des bact\u00e9ries optimis\u00e9es pour le nettoyage de l'urinoir et rafra\u00eechit pour une p\u00e9riode de 30 jours.","og_url":"https:\/\/aamenageplus.com\/produit\/tamis-a-urinoir-paquet-de-2-tamis\/","og_site_name":"A.A. M\u00e9nage Plus","article_modified_time":"2022-01-12T19:40:43+00:00","og_image":[{"width":394,"height":385,"url":"https:\/\/aamenageplus.com\/wp-content\/uploads\/2021\/11\/INO-wa-20HG-2.jpg","type":"image\/jpeg"}],"twitter_card":"summary_large_image","schema":{"@context":"https:\/\/schema.org","@graph":[{"@type":"WebPage","@id":"https:\/\/aamenageplus.com\/produit\/tamis-a-urinoir-paquet-de-2-tamis\/","url":"https:\/\/aamenageplus.com\/produit\/tamis-a-urinoir-paquet-de-2-tamis\/","name":"Tamis \u00e0 urinoir - Paquet de 2 tamis - A.A. M\u00e9nage Plus","isPartOf":{"@id":"https:\/\/aamenageplus.com\/#website"},"primaryImageOfPage":{"@id":"https:\/\/aamenageplus.com\/produit\/tamis-a-urinoir-paquet-de-2-tamis\/#primaryimage"},"image":{"@id":"https:\/\/aamenageplus.com\/produit\/tamis-a-urinoir-paquet-de-2-tamis\/#primaryimage"},"thumbnailUrl":"https:\/\/aamenageplus.com\/wp-content\/uploads\/2021\/11\/INO-wa-20HG-2.jpg","datePublished":"2021-11-25T18:51:28+00:00","dateModified":"2022-01-12T19:40:43+00:00","breadcrumb":{"@id":"https:\/\/aamenageplus.com\/produit\/tamis-a-urinoir-paquet-de-2-tamis\/#breadcrumb"},"inLanguage":"en-US","potentialAction":[{"@type":"ReadAction","target":["https:\/\/aamenageplus.com\/produit\/tamis-a-urinoir-paquet-de-2-tamis\/"]}]},{"@type":"ImageObject","inLanguage":"en-US","@id":"https:\/\/aamenageplus.com\/produit\/tamis-a-urinoir-paquet-de-2-tamis\/#primaryimage","url":"https:\/\/aamenageplus.com\/wp-content\/uploads\/2021\/11\/INO-wa-20HG-2.jpg","contentUrl":"https:\/\/aamenageplus.com\/wp-content\/uploads\/2021\/11\/INO-wa-20HG-2.jpg","width":394,"height":385},{"@type":"BreadcrumbList","@id":"https:\/\/aamenageplus.com\/produit\/tamis-a-urinoir-paquet-de-2-tamis\/#breadcrumb","itemListElement":[{"@type":"ListItem","position":1,"name":"Accueil","item":"https:\/\/aamenageplus.com\/en\/"},{"@type":"ListItem","position":2,"name":"Products","item":"https:\/\/aamenageplus.com\/en\/shop\/"},{"@type":"ListItem","position":3,"name":"Tamis \u00e0 urinoir &#8211; Paquet de 2 tamis"}]},{"@type":"WebSite","@id":"https:\/\/aamenageplus.com\/#website","url":"https:\/\/aamenageplus.com\/","name":"A.A. M\u00e9nage Plus","description":"","potentialAction":[{"@type":"SearchAction","target":{"@type":"EntryPoint","urlTemplate":"https:\/\/aamenageplus.com\/?s={search_term_string}"},"query-input":{"@type":"PropertyValueSpecification","valueRequired":true,"valueName":"search_term_string"}}],"inLanguage":"en-US"}]}},"_links":{"self":[{"href":"https:\/\/aamenageplus.com\/en\/wp-json\/wp\/v2\/product\/21871","targetHints":{"allow":["GET"]}}],"collection":[{"href":"https:\/\/aamenageplus.com\/en\/wp-json\/wp\/v2\/product"}],"about":[{"href":"https:\/\/aamenageplus.com\/en\/wp-json\/wp\/v2\/types\/product"}],"wp:featuredmedia":[{"embeddable":true,"href":"https:\/\/aamenageplus.com\/en\/wp-json\/wp\/v2\/media\/21874"}],"wp:attachment":[{"href":"https:\/\/aamenageplus.com\/en\/wp-json\/wp\/v2\/media?parent=21871"}],"wp:term":[{"taxonomy":"product_brand","embeddable":true,"href":"https:\/\/aamenageplus.com\/en\/wp-json\/wp\/v2\/product_brand?post=21871"},{"taxonomy":"product_cat","embeddable":true,"href":"https:\/\/aamenageplus.com\/en\/wp-json\/wp\/v2\/product_cat?post=21871"},{"taxonomy":"product_tag","embeddable":true,"href":"https:\/\/aamenageplus.com\/en\/wp-json\/wp\/v2\/product_tag?post=21871"}],"curies":[{"name":"wp","href":"https:\/\/api.w.org\/{rel}","templated":true}]}}