{"id":21885,"date":"2021-11-25T15:33:07","date_gmt":"2021-11-25T20:33:07","guid":{"rendered":"https:\/\/aamenageplus.com\/?post_type=product&#038;p=21885"},"modified":"2022-01-12T14:40:08","modified_gmt":"2022-01-12T19:40:08","slug":"papier-a-main-rouleaux","status":"publish","type":"product","link":"https:\/\/aamenageplus.com\/en\/product\/papier-a-main-rouleaux\/","title":{"rendered":"Papier \u00e0 main &#8211; Rouleaux"},"content":{"rendered":"","protected":false},"excerpt":{"rendered":"<p>Cet essuie-mains en rouleaux de couleur naturel ou blanc est fait de fibre recycl\u00e9e et est biod\u00e9gradable. Il est offert en formule am\u00e9lior\u00e9e.<\/p>\n<p>Disponible en plusieurs formats :<\/p>\n<ul>\n<li>350 pieds de couleur naturel ou blanc (12 rouleaux par caisse)<\/li>\n<li>425 pieds de couleur naturel ou blanc (12 rouleaux par caisse)<\/li>\n<li>600 pieds de couleur blanc (tirage par le centre) (6 rouleaux par caisse)<\/li>\n<li>800 pieds de couleur naturel ou blanc (6 rouleaux par caisse)<\/li>\n<\/ul>\n<p>&nbsp;<\/p>\n<p>NON COMPATIBLE AVEC DES DISTRIBUTEURS CAPTIF<\/p>\n","protected":false},"featured_media":21893,"template":"","meta":[],"product_brand":[],"product_cat":[190],"product_tag":[],"class_list":{"0":"post-21885","1":"product","2":"type-product","3":"status-publish","4":"has-post-thumbnail","6":"product_cat-papier-a-main","9":"instock","10":"taxable","11":"shipping-taxable","12":"product-type-variable","13":"product-grid-view"},"yoast_head":"<!-- This site is optimized with the Yoast SEO plugin v27.0 - https:\/\/yoast.com\/product\/yoast-seo-wordpress\/ -->\n<title>Papier \u00e0 main - Rouleaux - A.A. M\u00e9nage Plus<\/title>\n<meta name=\"robots\" content=\"index, follow, max-snippet:-1, max-image-preview:large, max-video-preview:-1\" \/>\n<link rel=\"canonical\" href=\"https:\/\/aamenageplus.com\/produit\/papier-a-main-rouleaux\/\" \/>\n<meta property=\"og:locale\" content=\"en_US\" \/>\n<meta property=\"og:type\" content=\"article\" \/>\n<meta property=\"og:title\" content=\"Papier \u00e0 main - Rouleaux - A.A. M\u00e9nage Plus\" \/>\n<meta property=\"og:description\" content=\"Cet essuie-mains en rouleaux de couleur naturel ou blanc est fait de fibre recycl\u00e9e et est biod\u00e9gradable. Il est offert en formule am\u00e9lior\u00e9e.  Disponible en plusieurs formats :   350 pieds de couleur naturel ou blanc (12 rouleaux par caisse)  425 pieds de couleur naturel ou blanc (12 rouleaux par caisse)  600 pieds de couleur blanc (tirage par le centre) (6 rouleaux par caisse)  800 pieds de couleur naturel ou blanc (6 rouleaux par caisse)  &nbsp;  NON COMPATIBLE AVEC DES DISTRIBUTEURS CAPTIF\" \/>\n<meta property=\"og:url\" content=\"https:\/\/aamenageplus.com\/produit\/papier-a-main-rouleaux\/\" \/>\n<meta property=\"og:site_name\" content=\"A.A. M\u00e9nage Plus\" \/>\n<meta property=\"article:modified_time\" content=\"2022-01-12T19:40:08+00:00\" \/>\n<meta property=\"og:image\" content=\"https:\/\/aamenageplus.com\/wp-content\/uploads\/2021\/11\/INS-ts-205krt.jpg\" \/>\n\t<meta property=\"og:image:width\" content=\"250\" \/>\n\t<meta property=\"og:image:height\" content=\"375\" \/>\n\t<meta property=\"og:image:type\" content=\"image\/jpeg\" \/>\n<meta name=\"twitter:card\" content=\"summary_large_image\" \/>\n<script type=\"application\/ld+json\" class=\"yoast-schema-graph\">{\"@context\":\"https:\/\/schema.org\",\"@graph\":[{\"@type\":\"WebPage\",\"@id\":\"https:\/\/aamenageplus.com\/produit\/papier-a-main-rouleaux\/\",\"url\":\"https:\/\/aamenageplus.com\/produit\/papier-a-main-rouleaux\/\",\"name\":\"Papier \u00e0 main - Rouleaux - A.A. M\u00e9nage Plus\",\"isPartOf\":{\"@id\":\"https:\/\/aamenageplus.com\/#website\"},\"primaryImageOfPage\":{\"@id\":\"https:\/\/aamenageplus.com\/produit\/papier-a-main-rouleaux\/#primaryimage\"},\"image\":{\"@id\":\"https:\/\/aamenageplus.com\/produit\/papier-a-main-rouleaux\/#primaryimage\"},\"thumbnailUrl\":\"https:\/\/aamenageplus.com\/wp-content\/uploads\/2021\/11\/INS-ts-205krt.jpg\",\"datePublished\":\"2021-11-25T20:33:07+00:00\",\"dateModified\":\"2022-01-12T19:40:08+00:00\",\"breadcrumb\":{\"@id\":\"https:\/\/aamenageplus.com\/produit\/papier-a-main-rouleaux\/#breadcrumb\"},\"inLanguage\":\"en-US\",\"potentialAction\":[{\"@type\":\"ReadAction\",\"target\":[\"https:\/\/aamenageplus.com\/produit\/papier-a-main-rouleaux\/\"]}]},{\"@type\":\"ImageObject\",\"inLanguage\":\"en-US\",\"@id\":\"https:\/\/aamenageplus.com\/produit\/papier-a-main-rouleaux\/#primaryimage\",\"url\":\"https:\/\/aamenageplus.com\/wp-content\/uploads\/2021\/11\/INS-ts-205krt.jpg\",\"contentUrl\":\"https:\/\/aamenageplus.com\/wp-content\/uploads\/2021\/11\/INS-ts-205krt.jpg\",\"width\":250,\"height\":375},{\"@type\":\"BreadcrumbList\",\"@id\":\"https:\/\/aamenageplus.com\/produit\/papier-a-main-rouleaux\/#breadcrumb\",\"itemListElement\":[{\"@type\":\"ListItem\",\"position\":1,\"name\":\"Accueil\",\"item\":\"https:\/\/aamenageplus.com\/en\/\"},{\"@type\":\"ListItem\",\"position\":2,\"name\":\"Products\",\"item\":\"https:\/\/aamenageplus.com\/en\/shop\/\"},{\"@type\":\"ListItem\",\"position\":3,\"name\":\"Papier \u00e0 main &#8211; Rouleaux\"}]},{\"@type\":\"WebSite\",\"@id\":\"https:\/\/aamenageplus.com\/#website\",\"url\":\"https:\/\/aamenageplus.com\/\",\"name\":\"A.A. M\u00e9nage Plus\",\"description\":\"\",\"potentialAction\":[{\"@type\":\"SearchAction\",\"target\":{\"@type\":\"EntryPoint\",\"urlTemplate\":\"https:\/\/aamenageplus.com\/?s={search_term_string}\"},\"query-input\":{\"@type\":\"PropertyValueSpecification\",\"valueRequired\":true,\"valueName\":\"search_term_string\"}}],\"inLanguage\":\"en-US\"}]}<\/script>\n<!-- \/ Yoast SEO plugin. -->","yoast_head_json":{"title":"Papier \u00e0 main - Rouleaux - A.A. M\u00e9nage Plus","robots":{"index":"index","follow":"follow","max-snippet":"max-snippet:-1","max-image-preview":"max-image-preview:large","max-video-preview":"max-video-preview:-1"},"canonical":"https:\/\/aamenageplus.com\/produit\/papier-a-main-rouleaux\/","og_locale":"en_US","og_type":"article","og_title":"Papier \u00e0 main - Rouleaux - A.A. M\u00e9nage Plus","og_description":"Cet essuie-mains en rouleaux de couleur naturel ou blanc est fait de fibre recycl\u00e9e et est biod\u00e9gradable. Il est offert en formule am\u00e9lior\u00e9e.  Disponible en plusieurs formats :   350 pieds de couleur naturel ou blanc (12 rouleaux par caisse)  425 pieds de couleur naturel ou blanc (12 rouleaux par caisse)  600 pieds de couleur blanc (tirage par le centre) (6 rouleaux par caisse)  800 pieds de couleur naturel ou blanc (6 rouleaux par caisse)  &nbsp;  NON COMPATIBLE AVEC DES DISTRIBUTEURS CAPTIF","og_url":"https:\/\/aamenageplus.com\/produit\/papier-a-main-rouleaux\/","og_site_name":"A.A. M\u00e9nage Plus","article_modified_time":"2022-01-12T19:40:08+00:00","og_image":[{"width":250,"height":375,"url":"https:\/\/aamenageplus.com\/wp-content\/uploads\/2021\/11\/INS-ts-205krt.jpg","type":"image\/jpeg"}],"twitter_card":"summary_large_image","schema":{"@context":"https:\/\/schema.org","@graph":[{"@type":"WebPage","@id":"https:\/\/aamenageplus.com\/produit\/papier-a-main-rouleaux\/","url":"https:\/\/aamenageplus.com\/produit\/papier-a-main-rouleaux\/","name":"Papier \u00e0 main - Rouleaux - A.A. M\u00e9nage Plus","isPartOf":{"@id":"https:\/\/aamenageplus.com\/#website"},"primaryImageOfPage":{"@id":"https:\/\/aamenageplus.com\/produit\/papier-a-main-rouleaux\/#primaryimage"},"image":{"@id":"https:\/\/aamenageplus.com\/produit\/papier-a-main-rouleaux\/#primaryimage"},"thumbnailUrl":"https:\/\/aamenageplus.com\/wp-content\/uploads\/2021\/11\/INS-ts-205krt.jpg","datePublished":"2021-11-25T20:33:07+00:00","dateModified":"2022-01-12T19:40:08+00:00","breadcrumb":{"@id":"https:\/\/aamenageplus.com\/produit\/papier-a-main-rouleaux\/#breadcrumb"},"inLanguage":"en-US","potentialAction":[{"@type":"ReadAction","target":["https:\/\/aamenageplus.com\/produit\/papier-a-main-rouleaux\/"]}]},{"@type":"ImageObject","inLanguage":"en-US","@id":"https:\/\/aamenageplus.com\/produit\/papier-a-main-rouleaux\/#primaryimage","url":"https:\/\/aamenageplus.com\/wp-content\/uploads\/2021\/11\/INS-ts-205krt.jpg","contentUrl":"https:\/\/aamenageplus.com\/wp-content\/uploads\/2021\/11\/INS-ts-205krt.jpg","width":250,"height":375},{"@type":"BreadcrumbList","@id":"https:\/\/aamenageplus.com\/produit\/papier-a-main-rouleaux\/#breadcrumb","itemListElement":[{"@type":"ListItem","position":1,"name":"Accueil","item":"https:\/\/aamenageplus.com\/en\/"},{"@type":"ListItem","position":2,"name":"Products","item":"https:\/\/aamenageplus.com\/en\/shop\/"},{"@type":"ListItem","position":3,"name":"Papier \u00e0 main &#8211; Rouleaux"}]},{"@type":"WebSite","@id":"https:\/\/aamenageplus.com\/#website","url":"https:\/\/aamenageplus.com\/","name":"A.A. M\u00e9nage Plus","description":"","potentialAction":[{"@type":"SearchAction","target":{"@type":"EntryPoint","urlTemplate":"https:\/\/aamenageplus.com\/?s={search_term_string}"},"query-input":{"@type":"PropertyValueSpecification","valueRequired":true,"valueName":"search_term_string"}}],"inLanguage":"en-US"}]}},"_links":{"self":[{"href":"https:\/\/aamenageplus.com\/en\/wp-json\/wp\/v2\/product\/21885","targetHints":{"allow":["GET"]}}],"collection":[{"href":"https:\/\/aamenageplus.com\/en\/wp-json\/wp\/v2\/product"}],"about":[{"href":"https:\/\/aamenageplus.com\/en\/wp-json\/wp\/v2\/types\/product"}],"wp:featuredmedia":[{"embeddable":true,"href":"https:\/\/aamenageplus.com\/en\/wp-json\/wp\/v2\/media\/21893"}],"wp:attachment":[{"href":"https:\/\/aamenageplus.com\/en\/wp-json\/wp\/v2\/media?parent=21885"}],"wp:term":[{"taxonomy":"product_brand","embeddable":true,"href":"https:\/\/aamenageplus.com\/en\/wp-json\/wp\/v2\/product_brand?post=21885"},{"taxonomy":"product_cat","embeddable":true,"href":"https:\/\/aamenageplus.com\/en\/wp-json\/wp\/v2\/product_cat?post=21885"},{"taxonomy":"product_tag","embeddable":true,"href":"https:\/\/aamenageplus.com\/en\/wp-json\/wp\/v2\/product_tag?post=21885"}],"curies":[{"name":"wp","href":"https:\/\/api.w.org\/{rel}","templated":true}]}}