{"id":22162,"date":"2022-01-12T13:54:18","date_gmt":"2022-01-12T18:54:18","guid":{"rendered":"https:\/\/aamenageplus.com\/product\/papier-hygienique-gros-rouleaux\/"},"modified":"2025-02-12T10:15:48","modified_gmt":"2025-02-12T15:15:48","slug":"papier-hygienique-gros-rouleaux","status":"publish","type":"product","link":"https:\/\/aamenageplus.com\/en\/product\/papier-hygienique-gros-rouleaux\/","title":{"rendered":"Papier hygi\u00e9nique (gros rouleaux)"},"content":{"rendered":"<div class=\"wpb-content-wrapper\"><p>[vc_row full_width=&#8221;stretch_row&#8221;][vc_column width=&#8221;1\/2&#8243;]Please provide product id to display corresponding data![\/vc_column][vc_column width=&#8221;1\/2&#8243;][vc_row_inner][vc_column_inner]Please provide product id to display corresponding data![\/vc_column_inner][\/vc_row_inner][\/vc_column][\/vc_row][vc_row][vc_column]<div id=\"1545817584375-f9ef05ab-bba7\" class=\"dt-sc-empty-space\"><\/div>[\/vc_column][\/vc_row][vc_row][vc_column]<div class='dt-sc-tabs-horizontal-container  ' data-effect='fade' data-delay='0'><ul class='dt-sc-tabs-horizontal'><li><a href=\"javascript:void(0);\">D\u00e9tails<\/a><\/li><li><a href=\"javascript:void(0);\">Utilisation<\/a><\/li><\/ul><div class='dt-sc-tabs-horizontal-content'>[vc_column_text]<\/p>\n<div class=\"item-features\">\n<div class=\"second-bg-after\">Couleur : <span style=\"letter-spacing: 0px;\">Blanc<\/span><\/div>\n<\/div>\n<div class=\"item-features\">\n<div class=\"second-bg-after\">Format(s) : <span style=\"letter-spacing: 0px;\">8 rouleaux<\/span><\/div>\n<\/div>\n<div class=\"item-features\">\n<div class=\"second-bg-after\">Noyau : <span style=\"letter-spacing: 0px;\">3.315 po<\/span><\/div>\n<\/div>\n<div class=\"item-features\">\n<div class=\"second-bg-after\">Type de pli : <span style=\"letter-spacing: 0px;\">2 plis<\/span><\/div>\n<\/div>\n<p>[\/vc_column_text]<\/div><div class='dt-sc-tabs-horizontal-content'>[vc_column_text css=&#8221;.vc_custom_1642014124727{margin-bottom: 0px !important;}&#8221;]<\/p>\n<ul class=\"items-list\">\n<li class=\"d-flex align-items-center main-after\">Fibre recycl\u00e9e<\/li>\n<li class=\"d-flex align-items-center main-after\">Biod\u00e9gradable<\/li>\n<li class=\"d-flex align-items-center main-after\">Choix \u00e9conomique et \u00e9cologique<\/li>\n<\/ul>\n<p>[\/vc_column_text]<\/div><\/div><div id=\"1563177419857-c73bdca0-74fc\" class=\"dt-sc-empty-space\"><\/div>[\/vc_column][\/vc_row][vc_row disable_element=&#8221;yes&#8221;][vc_column]Please provide product id to display corresponding data![\/vc_column][\/vc_row]<\/p>\n<\/div>","protected":false},"excerpt":{"rendered":"<p>Ce papier hygi\u00e9nique en rouleaux JR \u00e0 2 plis est fait de fibres recycl\u00e9es et est biod\u00e9gradable. Il est offert en formule am\u00e9lior\u00e9e en quantit\u00e9 de 8 rouleaux par bo\u00eete de 8-10-12-14 livres de contenu net.<\/p>\n","protected":false},"featured_media":21913,"template":"","meta":[],"product_brand":[],"product_cat":[177],"product_tag":[],"class_list":{"0":"post-22162","1":"product","2":"type-product","3":"status-publish","4":"has-post-thumbnail","6":"product_cat-papier-hygienique-en","7":"product_shipping_class-autocollants-en","10":"instock","11":"taxable","12":"shipping-taxable","13":"product-type-variable","14":"product-grid-view"},"yoast_head":"<!-- This site is optimized with the Yoast SEO plugin v27.0 - https:\/\/yoast.com\/product\/yoast-seo-wordpress\/ -->\n<title>Papier hygi\u00e9nique (gros rouleaux) - A.A. M\u00e9nage Plus<\/title>\n<meta name=\"robots\" content=\"index, follow, max-snippet:-1, max-image-preview:large, max-video-preview:-1\" \/>\n<link rel=\"canonical\" href=\"https:\/\/aamenageplus.com\/en\/product\/papier-hygienique-gros-rouleaux\/\" \/>\n<meta property=\"og:locale\" content=\"en_US\" \/>\n<meta property=\"og:type\" content=\"article\" \/>\n<meta property=\"og:title\" content=\"Papier hygi\u00e9nique (gros rouleaux) - A.A. M\u00e9nage Plus\" \/>\n<meta property=\"og:description\" content=\"Ce papier hygi\u00e9nique en rouleaux JR \u00e0 2 plis est fait de fibres recycl\u00e9es et est biod\u00e9gradable. Il est offert en formule am\u00e9lior\u00e9e en quantit\u00e9 de 8 rouleaux par bo\u00eete de 8-10-12-14 livres de contenu net.\" \/>\n<meta property=\"og:url\" content=\"https:\/\/aamenageplus.com\/en\/product\/papier-hygienique-gros-rouleaux\/\" \/>\n<meta property=\"og:site_name\" content=\"A.A. M\u00e9nage Plus\" \/>\n<meta property=\"article:modified_time\" content=\"2025-02-12T15:15:48+00:00\" \/>\n<meta property=\"og:image\" content=\"https:\/\/aamenageplus.com\/wp-content\/uploads\/2022\/01\/INS-ts-208jrt.jpg\" \/>\n\t<meta property=\"og:image:width\" content=\"375\" \/>\n\t<meta property=\"og:image:height\" content=\"342\" \/>\n\t<meta property=\"og:image:type\" content=\"image\/jpeg\" \/>\n<meta name=\"twitter:card\" content=\"summary_large_image\" \/>\n<meta name=\"twitter:label1\" content=\"Est. reading time\" \/>\n\t<meta name=\"twitter:data1\" content=\"1 minute\" \/>\n<script type=\"application\/ld+json\" class=\"yoast-schema-graph\">{\"@context\":\"https:\/\/schema.org\",\"@graph\":[{\"@type\":\"WebPage\",\"@id\":\"https:\/\/aamenageplus.com\/en\/product\/papier-hygienique-gros-rouleaux\/\",\"url\":\"https:\/\/aamenageplus.com\/en\/product\/papier-hygienique-gros-rouleaux\/\",\"name\":\"Papier hygi\u00e9nique (gros rouleaux) - A.A. M\u00e9nage Plus\",\"isPartOf\":{\"@id\":\"https:\/\/aamenageplus.com\/#website\"},\"primaryImageOfPage\":{\"@id\":\"https:\/\/aamenageplus.com\/en\/product\/papier-hygienique-gros-rouleaux\/#primaryimage\"},\"image\":{\"@id\":\"https:\/\/aamenageplus.com\/en\/product\/papier-hygienique-gros-rouleaux\/#primaryimage\"},\"thumbnailUrl\":\"https:\/\/aamenageplus.com\/wp-content\/uploads\/2022\/01\/INS-ts-208jrt.jpg\",\"datePublished\":\"2022-01-12T18:54:18+00:00\",\"dateModified\":\"2025-02-12T15:15:48+00:00\",\"breadcrumb\":{\"@id\":\"https:\/\/aamenageplus.com\/en\/product\/papier-hygienique-gros-rouleaux\/#breadcrumb\"},\"inLanguage\":\"en-US\",\"potentialAction\":[{\"@type\":\"ReadAction\",\"target\":[\"https:\/\/aamenageplus.com\/en\/product\/papier-hygienique-gros-rouleaux\/\"]}]},{\"@type\":\"ImageObject\",\"inLanguage\":\"en-US\",\"@id\":\"https:\/\/aamenageplus.com\/en\/product\/papier-hygienique-gros-rouleaux\/#primaryimage\",\"url\":\"https:\/\/aamenageplus.com\/wp-content\/uploads\/2022\/01\/INS-ts-208jrt.jpg\",\"contentUrl\":\"https:\/\/aamenageplus.com\/wp-content\/uploads\/2022\/01\/INS-ts-208jrt.jpg\",\"width\":375,\"height\":342},{\"@type\":\"BreadcrumbList\",\"@id\":\"https:\/\/aamenageplus.com\/en\/product\/papier-hygienique-gros-rouleaux\/#breadcrumb\",\"itemListElement\":[{\"@type\":\"ListItem\",\"position\":1,\"name\":\"Accueil\",\"item\":\"https:\/\/aamenageplus.com\/en\/\"},{\"@type\":\"ListItem\",\"position\":2,\"name\":\"Products\",\"item\":\"https:\/\/aamenageplus.com\/en\/shop\/\"},{\"@type\":\"ListItem\",\"position\":3,\"name\":\"Papier hygi\u00e9nique (gros rouleaux)\"}]},{\"@type\":\"WebSite\",\"@id\":\"https:\/\/aamenageplus.com\/#website\",\"url\":\"https:\/\/aamenageplus.com\/\",\"name\":\"A.A. M\u00e9nage Plus\",\"description\":\"\",\"potentialAction\":[{\"@type\":\"SearchAction\",\"target\":{\"@type\":\"EntryPoint\",\"urlTemplate\":\"https:\/\/aamenageplus.com\/?s={search_term_string}\"},\"query-input\":{\"@type\":\"PropertyValueSpecification\",\"valueRequired\":true,\"valueName\":\"search_term_string\"}}],\"inLanguage\":\"en-US\"}]}<\/script>\n<!-- \/ Yoast SEO plugin. -->","yoast_head_json":{"title":"Papier hygi\u00e9nique (gros rouleaux) - A.A. M\u00e9nage Plus","robots":{"index":"index","follow":"follow","max-snippet":"max-snippet:-1","max-image-preview":"max-image-preview:large","max-video-preview":"max-video-preview:-1"},"canonical":"https:\/\/aamenageplus.com\/en\/product\/papier-hygienique-gros-rouleaux\/","og_locale":"en_US","og_type":"article","og_title":"Papier hygi\u00e9nique (gros rouleaux) - A.A. M\u00e9nage Plus","og_description":"Ce papier hygi\u00e9nique en rouleaux JR \u00e0 2 plis est fait de fibres recycl\u00e9es et est biod\u00e9gradable. Il est offert en formule am\u00e9lior\u00e9e en quantit\u00e9 de 8 rouleaux par bo\u00eete de 8-10-12-14 livres de contenu net.","og_url":"https:\/\/aamenageplus.com\/en\/product\/papier-hygienique-gros-rouleaux\/","og_site_name":"A.A. M\u00e9nage Plus","article_modified_time":"2025-02-12T15:15:48+00:00","og_image":[{"width":375,"height":342,"url":"https:\/\/aamenageplus.com\/wp-content\/uploads\/2022\/01\/INS-ts-208jrt.jpg","type":"image\/jpeg"}],"twitter_card":"summary_large_image","twitter_misc":{"Est. reading time":"1 minute"},"schema":{"@context":"https:\/\/schema.org","@graph":[{"@type":"WebPage","@id":"https:\/\/aamenageplus.com\/en\/product\/papier-hygienique-gros-rouleaux\/","url":"https:\/\/aamenageplus.com\/en\/product\/papier-hygienique-gros-rouleaux\/","name":"Papier hygi\u00e9nique (gros rouleaux) - A.A. M\u00e9nage Plus","isPartOf":{"@id":"https:\/\/aamenageplus.com\/#website"},"primaryImageOfPage":{"@id":"https:\/\/aamenageplus.com\/en\/product\/papier-hygienique-gros-rouleaux\/#primaryimage"},"image":{"@id":"https:\/\/aamenageplus.com\/en\/product\/papier-hygienique-gros-rouleaux\/#primaryimage"},"thumbnailUrl":"https:\/\/aamenageplus.com\/wp-content\/uploads\/2022\/01\/INS-ts-208jrt.jpg","datePublished":"2022-01-12T18:54:18+00:00","dateModified":"2025-02-12T15:15:48+00:00","breadcrumb":{"@id":"https:\/\/aamenageplus.com\/en\/product\/papier-hygienique-gros-rouleaux\/#breadcrumb"},"inLanguage":"en-US","potentialAction":[{"@type":"ReadAction","target":["https:\/\/aamenageplus.com\/en\/product\/papier-hygienique-gros-rouleaux\/"]}]},{"@type":"ImageObject","inLanguage":"en-US","@id":"https:\/\/aamenageplus.com\/en\/product\/papier-hygienique-gros-rouleaux\/#primaryimage","url":"https:\/\/aamenageplus.com\/wp-content\/uploads\/2022\/01\/INS-ts-208jrt.jpg","contentUrl":"https:\/\/aamenageplus.com\/wp-content\/uploads\/2022\/01\/INS-ts-208jrt.jpg","width":375,"height":342},{"@type":"BreadcrumbList","@id":"https:\/\/aamenageplus.com\/en\/product\/papier-hygienique-gros-rouleaux\/#breadcrumb","itemListElement":[{"@type":"ListItem","position":1,"name":"Accueil","item":"https:\/\/aamenageplus.com\/en\/"},{"@type":"ListItem","position":2,"name":"Products","item":"https:\/\/aamenageplus.com\/en\/shop\/"},{"@type":"ListItem","position":3,"name":"Papier hygi\u00e9nique (gros rouleaux)"}]},{"@type":"WebSite","@id":"https:\/\/aamenageplus.com\/#website","url":"https:\/\/aamenageplus.com\/","name":"A.A. M\u00e9nage Plus","description":"","potentialAction":[{"@type":"SearchAction","target":{"@type":"EntryPoint","urlTemplate":"https:\/\/aamenageplus.com\/?s={search_term_string}"},"query-input":{"@type":"PropertyValueSpecification","valueRequired":true,"valueName":"search_term_string"}}],"inLanguage":"en-US"}]}},"_links":{"self":[{"href":"https:\/\/aamenageplus.com\/en\/wp-json\/wp\/v2\/product\/22162","targetHints":{"allow":["GET"]}}],"collection":[{"href":"https:\/\/aamenageplus.com\/en\/wp-json\/wp\/v2\/product"}],"about":[{"href":"https:\/\/aamenageplus.com\/en\/wp-json\/wp\/v2\/types\/product"}],"wp:featuredmedia":[{"embeddable":true,"href":"https:\/\/aamenageplus.com\/en\/wp-json\/wp\/v2\/media\/21913"}],"wp:attachment":[{"href":"https:\/\/aamenageplus.com\/en\/wp-json\/wp\/v2\/media?parent=22162"}],"wp:term":[{"taxonomy":"product_brand","embeddable":true,"href":"https:\/\/aamenageplus.com\/en\/wp-json\/wp\/v2\/product_brand?post=22162"},{"taxonomy":"product_cat","embeddable":true,"href":"https:\/\/aamenageplus.com\/en\/wp-json\/wp\/v2\/product_cat?post=22162"},{"taxonomy":"product_tag","embeddable":true,"href":"https:\/\/aamenageplus.com\/en\/wp-json\/wp\/v2\/product_tag?post=22162"}],"curies":[{"name":"wp","href":"https:\/\/api.w.org\/{rel}","templated":true}]}}